{"id":14,"date":"2020-08-29T02:18:07","date_gmt":"2020-08-29T02:18:07","guid":{"rendered":"https:\/\/demo.cmssuperheroes.com\/themeforest\/koira\/?page_id=14"},"modified":"2024-01-22T12:22:05","modified_gmt":"2024-01-22T11:22:05","slug":"blog","status":"publish","type":"page","link":"https:\/\/siera.sn\/index.php\/blog\/","title":{"rendered":"Actualit\u00e9s"},"content":{"rendered":"\t\t<div data-elementor-type=\"wp-post\" data-elementor-id=\"14\" class=\"elementor elementor-14\">\n\t\t\t\t\t\t\t        <section class=\"elementor-section elementor-top-section elementor-element elementor-element-88f8c7b elementor-section-stretched elementor-section-boxed elementor-section-height-default elementor-section-height-default\" data-id=\"88f8c7b\" data-element_type=\"section\" data-settings=\"{&quot;stretch_section&quot;:&quot;section-stretched&quot;,&quot;background_background&quot;:&quot;classic&quot;}\">\n\t\t            <div class=\"elementor-background-overlay\"><\/div>\n\t\t\n\t\t        <div class=\"elementor-container elementor-column-gap-default \" >\n\t\t        <div class=\"elementor-column elementor-col-100 elementor-top-column elementor-element elementor-element-8a40248\" data-id=\"8a40248\" data-element_type=\"column\">\n        <div class=\"elementor-widget-wrap elementor-element-populated\">\n                        \t\t<div class=\"elementor-element elementor-element-8f64f10 elementor-widget elementor-widget-cms_heading\" data-id=\"8f64f10\" data-element_type=\"widget\" data-widget_type=\"cms_heading.default\">\n\t\t\t\t<div class=\"elementor-widget-container\">\n\t\t\t<div class=\"cms-heading-wrapper cms-heading-layout1\">\r\n    \r\n            <h1 class=\"custom-heading\">\r\n            <span >Actualit\u00e9s<\/span>\r\n        <\/h1>\r\n        \r\n    <\/div>\t\t<\/div>\n\t\t\t\t<\/div>\n\t\t\t\t<div class=\"elementor-element elementor-element-ca58767 elementor-widget elementor-widget-cms_breadcrumb\" data-id=\"ca58767\" data-element_type=\"widget\" data-widget_type=\"cms_breadcrumb.default\">\n\t\t\t\t<div class=\"elementor-widget-container\">\n\t\t\t<ul class=\"cms-breadcrumb\"><li><span class=\"breadcrumb-entry\">Home<\/span><\/li><\/ul>\t\t<\/div>\n\t\t\t\t<\/div>\n\t\t        <\/div>\n        <\/div>\n        \t\t        <\/div>\n        <\/section>\n\t\t        <section class=\"elementor-section elementor-top-section elementor-element elementor-element-8cd3075 elementor-section-boxed elementor-section-height-default elementor-section-height-default\" data-id=\"8cd3075\" data-element_type=\"section\">\n\t\t\n\t\t        <div class=\"elementor-container elementor-column-gap-default \" >\n\t\t        <div class=\"elementor-column elementor-col-100 elementor-top-column elementor-element elementor-element-991cd29\" data-id=\"991cd29\" data-element_type=\"column\">\n        <div class=\"elementor-widget-wrap elementor-element-populated\">\n                        \t\t<div class=\"elementor-element elementor-element-a5c18ad elementor-widget elementor-widget-cms_post_grid\" data-id=\"a5c18ad\" data-element_type=\"widget\" data-widget_type=\"cms_post_grid.default\">\n\t\t\t\t<div class=\"elementor-widget-container\">\n\t\t\t\r\n<div id=\"cms_post_grid-a5c18ad\" class=\"cms-grid cms-post-grid-layout1\" data-layout=\"masonry\" data-start-page=\"1\" data-max-pages=\"1\" data-total=\"5\" data-perpage=\"6\" data-next-link=\"\">\r\n    <div class=\"cms-grid-overlay\"><\/div>\r\n    \r\n    <div class=\"cms-grid-inner cms-grid-masonry row animation-time\" data-gutter=\"15\">\r\n                    <div class=\"grid-sizer col-xl-4 col-lg-4 col-md-6 col-sm-6 col-12\"><\/div>\r\n                                <div class=\"grid-item col-xl-4 col-lg-4 col-md-6 col-sm-6 col-12 \">\r\n                    <div class=\"grid-item-inner\">\r\n                                                    <div class=\"entry-featured\">\r\n                                <div class=\"post-image\">\r\n                                    <a href=\"https:\/\/siera.sn\/index.php\/2025\/02\/26\/lancement-officiel-du-siera-2025-un-tournant-decisif-pour-la-transition-energetique-en-afrique\/\"><img fetchpriority=\"high\" decoding=\"async\" class=\"\" src=\"https:\/\/siera.sn\/wp-content\/uploads\/2025\/02\/GkqVEI9WAAAkYQm-370x270.jpg\" width=\"370\" height=\"270\" alt=\"GkqVEI9WAAAkYQm\" title=\"GkqVEI9WAAAkYQm\" \/><\/a>\r\n                                <\/div>\r\n                                                                    <div class=\"post-category\"><a href=\"https:\/\/siera.sn\/index.php\/category\/actualites\/\" rel=\"tag\">Actualit\u00e9s<\/a><\/div>\r\n                                                            <\/div>\r\n                                                <div class=\"entry-body\">\r\n                            <h3 class=\"entry-title\">\r\n                                <a href=\"https:\/\/siera.sn\/index.php\/2025\/02\/26\/lancement-officiel-du-siera-2025-un-tournant-decisif-pour-la-transition-energetique-en-afrique\/\">Lancement officiel du SIERA 2025 : Un tournant d\u00e9cisif pour la transition \u00e9nerg\u00e9tique en Afrique<\/a>\r\n                            <\/h3>\r\n                            <ul class=\"entry-meta\">\r\n                                                                    <li class=\"post-date\">26 f\u00e9vrier 2025<\/li>\r\n                                                                                                    <li class=\"author\">\r\n                                        <a href=\"https:\/\/siera.sn\/index.php\/author\/aner\/\">aner<\/a><\/li>\r\n                                                            <\/ul>\r\n                                                                                        <div class=\"entry-readmore\">\r\n                                    <a class=\"btn-more\" href=\"https:\/\/siera.sn\/index.php\/2025\/02\/26\/lancement-officiel-du-siera-2025-un-tournant-decisif-pour-la-transition-energetique-en-afrique\/\">\r\n                                        <span>Lire plus<\/span>\r\n                                        <i class=\"fas fac-arrow-circle-right\"><\/i>\r\n                                    <\/a>\r\n                                <\/div>\r\n                                                    <\/div>\r\n                    <\/div>\r\n                <\/div>\r\n                            <div class=\"grid-item col-xl-4 col-lg-4 col-md-6 col-sm-6 col-12 \">\r\n                    <div class=\"grid-item-inner\">\r\n                                                    <div class=\"entry-featured\">\r\n                                <div class=\"post-image\">\r\n                                    <a href=\"https:\/\/siera.sn\/index.php\/2024\/09\/04\/assemblee-generale-constitutive-du-reseau-des-journalistes-pour-les-energies-renouvelables-rejer\/\"><img decoding=\"async\" class=\"\" src=\"https:\/\/siera.sn\/wp-content\/uploads\/2024\/09\/dimensions-photo-pour-Articles-370x270.jpg\" width=\"370\" height=\"270\" alt=\"dimensions-photo-pour-Articles\" title=\"dimensions-photo-pour-Articles\" \/><\/a>\r\n                                <\/div>\r\n                                                                    <div class=\"post-category\"><a href=\"https:\/\/siera.sn\/index.php\/category\/actualites\/\" rel=\"tag\">Actualit\u00e9s<\/a><\/div>\r\n                                                            <\/div>\r\n                                                <div class=\"entry-body\">\r\n                            <h3 class=\"entry-title\">\r\n                                <a href=\"https:\/\/siera.sn\/index.php\/2024\/09\/04\/assemblee-generale-constitutive-du-reseau-des-journalistes-pour-les-energies-renouvelables-rejer\/\">Assembl\u00e9e G\u00e9n\u00e9rale Constitutive du R\u00e9seau des Journalistes pour les \u00c9nergies Renouvelables (REJER)<\/a>\r\n                            <\/h3>\r\n                            <ul class=\"entry-meta\">\r\n                                                                    <li class=\"post-date\">4 septembre 2024<\/li>\r\n                                                                                                    <li class=\"author\">\r\n                                        <a href=\"https:\/\/siera.sn\/index.php\/author\/siera-sn\/\">siera.sn<\/a><\/li>\r\n                                                            <\/ul>\r\n                                                                                        <div class=\"entry-readmore\">\r\n                                    <a class=\"btn-more\" href=\"https:\/\/siera.sn\/index.php\/2024\/09\/04\/assemblee-generale-constitutive-du-reseau-des-journalistes-pour-les-energies-renouvelables-rejer\/\">\r\n                                        <span>Lire plus<\/span>\r\n                                        <i class=\"fas fac-arrow-circle-right\"><\/i>\r\n                                    <\/a>\r\n                                <\/div>\r\n                                                    <\/div>\r\n                    <\/div>\r\n                <\/div>\r\n                            <div class=\"grid-item col-xl-4 col-lg-4 col-md-6 col-sm-6 col-12 \">\r\n                    <div class=\"grid-item-inner\">\r\n                                                    <div class=\"entry-featured\">\r\n                                <div class=\"post-image\">\r\n                                    <a href=\"https:\/\/siera.sn\/index.php\/2020\/12\/30\/aner-renforce-les-journalistes\/\"><img decoding=\"async\" class=\"\" src=\"https:\/\/siera.sn\/wp-content\/uploads\/2020\/12\/aner-articles-370x270.jpg\" width=\"370\" height=\"270\" alt=\"aner-articles\" title=\"aner-articles\" \/><\/a>\r\n                                <\/div>\r\n                                                                    <div class=\"post-category\"><a href=\"https:\/\/siera.sn\/index.php\/category\/actualites\/\" rel=\"tag\">Actualit\u00e9s<\/a><\/div>\r\n                                                            <\/div>\r\n                                                <div class=\"entry-body\">\r\n                            <h3 class=\"entry-title\">\r\n                                <a href=\"https:\/\/siera.sn\/index.php\/2020\/12\/30\/aner-renforce-les-journalistes\/\">L\u2019ANER Renforce Les Journalistes Dans La Promotion Des \u00c9nergies Renouvelables \u00c0 Travers Un Atelier De Sensibilisation.<\/a>\r\n                            <\/h3>\r\n                            <ul class=\"entry-meta\">\r\n                                                                    <li class=\"post-date\">30 d\u00e9cembre 2020<\/li>\r\n                                                                                                    <li class=\"author\">\r\n                                        <a href=\"https:\/\/siera.sn\/index.php\/author\/siera-sn\/\">siera.sn<\/a><\/li>\r\n                                                            <\/ul>\r\n                                                                                        <div class=\"entry-readmore\">\r\n                                    <a class=\"btn-more\" href=\"https:\/\/siera.sn\/index.php\/2020\/12\/30\/aner-renforce-les-journalistes\/\">\r\n                                        <span>Lire plus<\/span>\r\n                                        <i class=\"fas fac-arrow-circle-right\"><\/i>\r\n                                    <\/a>\r\n                                <\/div>\r\n                                                    <\/div>\r\n                    <\/div>\r\n                <\/div>\r\n                            <div class=\"grid-item col-xl-4 col-lg-4 col-md-6 col-sm-6 col-12 \">\r\n                    <div class=\"grid-item-inner\">\r\n                                                    <div class=\"entry-featured\">\r\n                                <div class=\"post-image\">\r\n                                    <a href=\"https:\/\/siera.sn\/index.php\/2020\/12\/26\/energies-renouvelables-lenorme-potentiel-du-senegal\/\"><img loading=\"lazy\" decoding=\"async\" class=\"\" src=\"https:\/\/siera.sn\/wp-content\/uploads\/2020\/12\/energie-senegal-370x270.jpg\" width=\"370\" height=\"270\" alt=\"energie-senegal\" title=\"energie-senegal\" \/><\/a>\r\n                                <\/div>\r\n                                                                    <div class=\"post-category\"><a href=\"https:\/\/siera.sn\/index.php\/category\/actualites\/\" rel=\"tag\">Actualit\u00e9s<\/a><\/div>\r\n                                                            <\/div>\r\n                                                <div class=\"entry-body\">\r\n                            <h3 class=\"entry-title\">\r\n                                <a href=\"https:\/\/siera.sn\/index.php\/2020\/12\/26\/energies-renouvelables-lenorme-potentiel-du-senegal\/\">\u00c9nergies renouvelables : l\u2019\u00e9norme potentiel du S\u00e9n\u00e9gal<\/a>\r\n                            <\/h3>\r\n                            <ul class=\"entry-meta\">\r\n                                                                    <li class=\"post-date\">26 d\u00e9cembre 2020<\/li>\r\n                                                                                                    <li class=\"author\">\r\n                                        <a href=\"https:\/\/siera.sn\/index.php\/author\/siera-sn\/\">siera.sn<\/a><\/li>\r\n                                                            <\/ul>\r\n                                                                                        <div class=\"entry-readmore\">\r\n                                    <a class=\"btn-more\" href=\"https:\/\/siera.sn\/index.php\/2020\/12\/26\/energies-renouvelables-lenorme-potentiel-du-senegal\/\">\r\n                                        <span>Lire plus<\/span>\r\n                                        <i class=\"fas fac-arrow-circle-right\"><\/i>\r\n                                    <\/a>\r\n                                <\/div>\r\n                                                    <\/div>\r\n                    <\/div>\r\n                <\/div>\r\n                            <div class=\"grid-item col-xl-4 col-lg-4 col-md-6 col-sm-6 col-12 \">\r\n                    <div class=\"grid-item-inner\">\r\n                                                    <div class=\"entry-featured\">\r\n                                <div class=\"post-image\">\r\n                                    <a href=\"https:\/\/siera.sn\/index.php\/2020\/03\/26\/energies-renouvelables-comment-expliquer-le-succes-du-senegal\/\"><img loading=\"lazy\" decoding=\"async\" class=\"\" src=\"https:\/\/siera.sn\/wp-content\/uploads\/2020\/03\/jad20200324-eco-energierenouvsenegal1-370x270.jpg\" width=\"370\" height=\"270\" alt=\"jad20200324-eco-energierenouvsenegal1\" title=\"jad20200324-eco-energierenouvsenegal1\" \/><\/a>\r\n                                <\/div>\r\n                                                                    <div class=\"post-category\"><a href=\"https:\/\/siera.sn\/index.php\/category\/actualites\/\" rel=\"tag\">Actualit\u00e9s<\/a><\/div>\r\n                                                            <\/div>\r\n                                                <div class=\"entry-body\">\r\n                            <h3 class=\"entry-title\">\r\n                                <a href=\"https:\/\/siera.sn\/index.php\/2020\/03\/26\/energies-renouvelables-comment-expliquer-le-succes-du-senegal\/\">\u00c9nergies renouvelables : comment expliquer le succ\u00e8s du S\u00e9n\u00e9gal ?<\/a>\r\n                            <\/h3>\r\n                            <ul class=\"entry-meta\">\r\n                                                                    <li class=\"post-date\">26 mars 2020<\/li>\r\n                                                                                                    <li class=\"author\">\r\n                                        <a href=\"https:\/\/siera.sn\/index.php\/author\/siera-sn\/\">siera.sn<\/a><\/li>\r\n                                                            <\/ul>\r\n                                                                                        <div class=\"entry-readmore\">\r\n                                    <a class=\"btn-more\" href=\"https:\/\/siera.sn\/index.php\/2020\/03\/26\/energies-renouvelables-comment-expliquer-le-succes-du-senegal\/\">\r\n                                        <span>Lire plus<\/span>\r\n                                        <i class=\"fas fac-arrow-circle-right\"><\/i>\r\n                                    <\/a>\r\n                                <\/div>\r\n                                                    <\/div>\r\n                    <\/div>\r\n                <\/div>\r\n                <\/div>\r\n            <div class=\"cms-grid-pagination\" data-loadmore=\"{&quot;startPage&quot;:1,&quot;maxPages&quot;:1,&quot;total&quot;:5,&quot;perpage&quot;:&quot;6&quot;,&quot;nextLink&quot;:&quot;&quot;,&quot;source&quot;:&quot;&quot;,&quot;orderby&quot;:&quot;date&quot;,&quot;order&quot;:&quot;desc&quot;,&quot;limit&quot;:&quot;6&quot;,&quot;post_ids&quot;:&quot;&quot;,&quot;col_xl&quot;:4,&quot;col_lg&quot;:4,&quot;col_md&quot;:6,&quot;col_sm&quot;:6,&quot;col_xs&quot;:12,&quot;thumbnail_size&quot;:&quot;custom&quot;,&quot;thumbnail_custom_dimension&quot;:{&quot;width&quot;:&quot;370&quot;,&quot;height&quot;:&quot;270&quot;},&quot;title_tag&quot;:&quot;h3&quot;,&quot;pagination_type&quot;:&quot;pagination&quot;,&quot;show_thumbnail&quot;:&quot;true&quot;,&quot;show_meta&quot;:&quot;true&quot;,&quot;show_author&quot;:&quot;true&quot;,&quot;show_post_date&quot;:&quot;true&quot;,&quot;show_categories&quot;:&quot;true&quot;,&quot;show_excerpt&quot;:&quot;pagination&quot;,&quot;num_words&quot;:30,&quot;show_button&quot;:&quot;true&quot;,&quot;hover_animation&quot;:&quot;pagination&quot;,&quot;button_text&quot;:&quot;Lire plus&quot;,&quot;template_type&quot;:&quot;post_grid_layout1&quot;,&quot;tax&quot;:[]}\" data-query=\"{&quot;post_type&quot;:&quot;post&quot;,&quot;posts_per_page&quot;:6,&quot;order&quot;:&quot;desc&quot;,&quot;orderby&quot;:&quot;date&quot;,&quot;tax_query&quot;:{&quot;relation&quot;:&quot;OR&quot;},&quot;post__not_in&quot;:[14]}\">\r\n                    <\/div>\r\n        <\/div>\t\t<\/div>\n\t\t\t\t<\/div>\n\t\t        <\/div>\n        <\/div>\n        \t\t        <\/div>\n        <\/section>\n\t\t\t\t\t\t\t<\/div>\n\t\t","protected":false},"excerpt":{"rendered":"<p>Actualit\u00e9s Home Actualit\u00e9s L\u2019ANER Renforce Les Journalistes Dans La Promotion Des \u00c9nergies Renouvelables \u00c0 Travers Un Atelier De Sensibilisation. 30 d\u00e9cembre 2020 siera.sn Lire plus Actualit\u00e9s \u00c9nergies renouvelables : l\u2019\u00e9norme potentiel du S\u00e9n\u00e9gal 26 d\u00e9cembre 2020 siera.sn Lire plus Actualit\u00e9s \u00c9nergies renouvelables : comment expliquer le succ\u00e8s du S\u00e9n\u00e9gal ? 26 mars 2020 siera.sn Lire [&hellip;]<\/p>\n","protected":false},"author":1,"featured_media":0,"parent":0,"menu_order":0,"comment_status":"closed","ping_status":"closed","template":"","meta":{"_monsterinsights_skip_tracking":false,"_monsterinsights_sitenote_active":false,"_monsterinsights_sitenote_note":"","_monsterinsights_sitenote_category":0,"footnotes":""},"aioseo_notices":[],"_links":{"self":[{"href":"https:\/\/siera.sn\/index.php\/wp-json\/wp\/v2\/pages\/14"}],"collection":[{"href":"https:\/\/siera.sn\/index.php\/wp-json\/wp\/v2\/pages"}],"about":[{"href":"https:\/\/siera.sn\/index.php\/wp-json\/wp\/v2\/types\/page"}],"author":[{"embeddable":true,"href":"https:\/\/siera.sn\/index.php\/wp-json\/wp\/v2\/users\/1"}],"replies":[{"embeddable":true,"href":"https:\/\/siera.sn\/index.php\/wp-json\/wp\/v2\/comments?post=14"}],"version-history":[{"count":11,"href":"https:\/\/siera.sn\/index.php\/wp-json\/wp\/v2\/pages\/14\/revisions"}],"predecessor-version":[{"id":18272,"href":"https:\/\/siera.sn\/index.php\/wp-json\/wp\/v2\/pages\/14\/revisions\/18272"}],"wp:attachment":[{"href":"https:\/\/siera.sn\/index.php\/wp-json\/wp\/v2\/media?parent=14"}],"curies":[{"name":"wp","href":"https:\/\/api.w.org\/{rel}","templated":true}]}}