{"id":17416,"date":"2024-01-06T01:45:08","date_gmt":"2024-01-06T00:45:08","guid":{"rendered":"https:\/\/siera.sn\/?page_id=17416"},"modified":"2024-03-26T16:19:32","modified_gmt":"2024-03-26T15:19:32","slug":"termes-conditions","status":"publish","type":"page","link":"https:\/\/siera.sn\/index.php\/termes-conditions\/","title":{"rendered":"Termes &#038; Conditions"},"content":{"rendered":"\t\t<div data-elementor-type=\"wp-page\" data-elementor-id=\"17416\" class=\"elementor elementor-17416\">\n\t\t\t\t\t\t\t<div class=\"elementor-element elementor-element-e2b4c56 e-flex e-con-boxed e-con e-parent\" data-id=\"e2b4c56\" data-element_type=\"container\" data-settings=\"{&quot;content_width&quot;:&quot;boxed&quot;}\" data-core-v316-plus=\"true\">\n\t\t\t\t\t<div class=\"e-con-inner\">\n\t\t\t\t<div class=\"elementor-element elementor-element-d71a5a5 elementor-widget elementor-widget-image\" data-id=\"d71a5a5\" data-element_type=\"widget\" data-widget_type=\"image.default\">\n\t\t\t\t<div class=\"elementor-widget-container\">\n\t\t\t<style>\/*! elementor - v3.18.0 - 08-12-2023 *\/\n.elementor-widget-image{text-align:center}.elementor-widget-image a{display:inline-block}.elementor-widget-image a img[src$=\".svg\"]{width:48px}.elementor-widget-image img{vertical-align:middle;display:inline-block}<\/style>\t\t\t\t\t\t\t\t\t\t\t\t<img fetchpriority=\"high\" decoding=\"async\" width=\"640\" height=\"146\" src=\"https:\/\/siera.sn\/wp-content\/uploads\/2024\/03\/Entete-pour-siteweb-FORMULAIRES-scaled.jpg\" class=\"attachment-large size-large wp-image-17775\" alt=\"\" \/>\t\t\t\t\t\t\t\t\t\t\t\t\t\t\t<\/div>\n\t\t\t\t<\/div>\n\t\t\t\t\t<\/div>\n\t\t\t\t<\/div>\n\t\t<div class=\"elementor-element elementor-element-dc8a3d7 e-flex e-con-boxed e-con e-parent\" data-id=\"dc8a3d7\" data-element_type=\"container\" data-settings=\"{&quot;content_width&quot;:&quot;boxed&quot;}\" data-core-v316-plus=\"true\">\n\t\t\t\t\t<div class=\"e-con-inner\">\n\t\t\t\t<div class=\"elementor-element elementor-element-43285c7 elementor-widget elementor-widget-heading\" data-id=\"43285c7\" data-element_type=\"widget\" data-widget_type=\"heading.default\">\n\t\t\t\t<div class=\"elementor-widget-container\">\n\t\t\t<style>\/*! elementor - v3.18.0 - 08-12-2023 *\/\n.elementor-heading-title{padding:0;margin:0;line-height:1}.elementor-widget-heading .elementor-heading-title[class*=elementor-size-]>a{color:inherit;font-size:inherit;line-height:inherit}.elementor-widget-heading .elementor-heading-title.elementor-size-small{font-size:15px}.elementor-widget-heading .elementor-heading-title.elementor-size-medium{font-size:19px}.elementor-widget-heading .elementor-heading-title.elementor-size-large{font-size:29px}.elementor-widget-heading .elementor-heading-title.elementor-size-xl{font-size:39px}.elementor-widget-heading .elementor-heading-title.elementor-size-xxl{font-size:59px}<\/style><h2 class=\"elementor-heading-title elementor-size-default\">Informations sur nos termes et conditions<\/h2>\t\t<\/div>\n\t\t\t\t<\/div>\n\t\t\t\t\t<\/div>\n\t\t\t\t<\/div>\n\t\t<div class=\"elementor-element elementor-element-e8f8fd5 e-flex e-con-boxed e-con e-parent\" data-id=\"e8f8fd5\" data-element_type=\"container\" data-settings=\"{&quot;content_width&quot;:&quot;boxed&quot;}\" data-core-v316-plus=\"true\">\n\t\t\t\t\t<div class=\"e-con-inner\">\n\t\t\t\t<div class=\"elementor-element elementor-element-02fdd2d elementor-widget elementor-widget-text-editor\" data-id=\"02fdd2d\" data-element_type=\"widget\" data-widget_type=\"text-editor.default\">\n\t\t\t\t<div class=\"elementor-widget-container\">\n\t\t\t<style>\/*! elementor - v3.18.0 - 08-12-2023 *\/\n.elementor-widget-text-editor.elementor-drop-cap-view-stacked .elementor-drop-cap{background-color:#69727d;color:#fff}.elementor-widget-text-editor.elementor-drop-cap-view-framed .elementor-drop-cap{color:#69727d;border:3px solid;background-color:transparent}.elementor-widget-text-editor:not(.elementor-drop-cap-view-default) .elementor-drop-cap{margin-top:8px}.elementor-widget-text-editor:not(.elementor-drop-cap-view-default) .elementor-drop-cap-letter{width:1em;height:1em}.elementor-widget-text-editor .elementor-drop-cap{float:left;text-align:center;line-height:1;font-size:50px}.elementor-widget-text-editor .elementor-drop-cap-letter{display:inline-block}<\/style>\t\t\t\t<p>Bienvenue sur le site web officiel du Salon international des \u00e9nergies renouvelables et de l&#8217;environnement en Afrique <strong>(SIERA)<\/strong>. En utilisant ce site, vous acceptez de vous conformer aux termes et conditions suivants. Veuillez les lire attentivement avant d&#8217;utiliser notre site.<\/p><p><strong>1. Utilisation du site :<\/strong><br \/>L&#8217;utilisation de ce site est soumise \u00e0 ces termes et conditions. Le contenu du site est uniquement destin\u00e9 \u00e0 votre information g\u00e9n\u00e9rale et peut \u00eatre modifi\u00e9 sans pr\u00e9avis.<\/p><p><strong>2. Confidentialit\u00e9 :<\/strong><br \/>Votre utilisation de ce site est \u00e9galement r\u00e9gie par notre politique de confidentialit\u00e9. En acc\u00e9dant et en utilisant ce site, vous consentez \u00e0 notre collecte, notre utilisation et notre divulgation des informations conform\u00e9ment \u00e0 ladite politique.<\/p><p><strong>3. Propri\u00e9t\u00e9 intellectuelle :<\/strong><br \/>Tout le contenu pr\u00e9sent\u00e9 sur ce site, y compris mais sans s&#8217;y limiter, les textes, les graphiques, les logos, les images, les clips audio et vid\u00e9o, est la propri\u00e9t\u00e9 du Salon international des \u00e9nergies renouvelables et de l&#8217;environnement en Afrique, sauf indication contraire. Aucune partie de ce site ne peut \u00eatre reproduite sans autorisation pr\u00e9alable.<\/p><p><strong>4. Liens vers d&#8217;autres sites :<\/strong><br \/>Notre site peut contenir des liens vers des sites tiers. Ces liens sont fournis pour votre commodit\u00e9 et ne signifient pas que nous endossons ces sites. Nous n&#8217;avons aucun contr\u00f4le sur le contenu de ces sites tiers et d\u00e9clinons toute responsabilit\u00e9 quant \u00e0 leur contenu ou \u00e0 leur utilisation.<\/p><p><strong>5. Inscriptions :<\/strong><br \/>Toute inscription pour le Salon international des \u00e9nergies renouvelables et de l&#8217;environnement en Afrique <strong>(SIERA)<\/strong> est soumise \u00e0 des conditions suppl\u00e9mentaires sp\u00e9cifiques, d\u00e9taill\u00e9es lors du processus d&#8217;inscription ou d&#8217;achat.<\/p><p><strong>6. Limitation de responsabilit\u00e9 :<\/strong><br \/>Nous nous effor\u00e7ons de garantir que les informations fournies sur ce site sont exactes et \u00e0 jour. Cependant, nous ne pouvons garantir ni assumer aucune responsabilit\u00e9 quant \u00e0 l&#8217;exactitude, l&#8217;exhaustivit\u00e9 ou la pertinence des informations pr\u00e9sent\u00e9es.<\/p><p>En utilisant ce site, vous acceptez ces termes et conditions dans leur int\u00e9gralit\u00e9. Si vous n&#8217;acceptez pas ces termes, veuillez ne pas utiliser notre site. Nous nous r\u00e9servons le droit de modifier ces termes et conditions \u00e0 tout moment sans pr\u00e9avis. Veuillez consulter cette page r\u00e9guli\u00e8rement pour vous tenir inform\u00e9 des \u00e9ventuelles modifications.<\/p><p>Pour toute question concernant ces termes et conditions, veuillez nous contacter \u00e0 l&#8217;adresse fournie sur notre site.<\/p><p>Nous vous remercions de votre visite sur le site du Salon international des \u00e9nergies renouvelables et de l&#8217;environnement en Afrique <strong>(SIERA)<\/strong>.<\/p>\t\t\t\t\t\t<\/div>\n\t\t\t\t<\/div>\n\t\t\t\t\t<\/div>\n\t\t\t\t<\/div>\n\t\t\t\t\t\t\t<\/div>\n\t\t","protected":false},"excerpt":{"rendered":"<p>Informations sur nos termes et conditions Bienvenue sur le site web officiel du Salon international des \u00e9nergies renouvelables et de l&#8217;environnement en Afrique (SIERA). En utilisant ce site, vous acceptez de vous conformer aux termes et conditions suivants. Veuillez les lire attentivement avant d&#8217;utiliser notre site. 1. Utilisation du site :L&#8217;utilisation de ce site est [&hellip;]<\/p>\n","protected":false},"author":1,"featured_media":0,"parent":0,"menu_order":0,"comment_status":"closed","ping_status":"closed","template":"","meta":{"_monsterinsights_skip_tracking":false,"_monsterinsights_sitenote_active":false,"_monsterinsights_sitenote_note":"","_monsterinsights_sitenote_category":0,"footnotes":""},"aioseo_notices":[],"_links":{"self":[{"href":"https:\/\/siera.sn\/index.php\/wp-json\/wp\/v2\/pages\/17416"}],"collection":[{"href":"https:\/\/siera.sn\/index.php\/wp-json\/wp\/v2\/pages"}],"about":[{"href":"https:\/\/siera.sn\/index.php\/wp-json\/wp\/v2\/types\/page"}],"author":[{"embeddable":true,"href":"https:\/\/siera.sn\/index.php\/wp-json\/wp\/v2\/users\/1"}],"replies":[{"embeddable":true,"href":"https:\/\/siera.sn\/index.php\/wp-json\/wp\/v2\/comments?post=17416"}],"version-history":[{"count":6,"href":"https:\/\/siera.sn\/index.php\/wp-json\/wp\/v2\/pages\/17416\/revisions"}],"predecessor-version":[{"id":17797,"href":"https:\/\/siera.sn\/index.php\/wp-json\/wp\/v2\/pages\/17416\/revisions\/17797"}],"wp:attachment":[{"href":"https:\/\/siera.sn\/index.php\/wp-json\/wp\/v2\/media?parent=17416"}],"curies":[{"name":"wp","href":"https:\/\/api.w.org\/{rel}","templated":true}]}}