{"id":3200,"date":"2020-11-03T04:04:09","date_gmt":"2020-11-03T04:04:09","guid":{"rendered":"https:\/\/demo.farost.net\/promina\/?page_id=3200"},"modified":"2025-02-19T11:46:33","modified_gmt":"2025-02-19T10:46:33","slug":"rencontres-partenariat","status":"publish","type":"page","link":"https:\/\/siera.sn\/index.php\/rencontres-partenariat\/","title":{"rendered":"Rencontres partenariat"},"content":{"rendered":"\t\t<div data-elementor-type=\"wp-page\" data-elementor-id=\"3200\" class=\"elementor elementor-3200\">\n\t\t\t\t\t\t\t        <section class=\"elementor-section elementor-top-section elementor-element elementor-element-20d45b39 elementor-section-stretched elementor-section-boxed elementor-section-height-default elementor-section-height-default\" data-id=\"20d45b39\" data-element_type=\"section\" data-settings=\"{&quot;stretch_section&quot;:&quot;section-stretched&quot;,&quot;background_background&quot;:&quot;classic&quot;}\">\n\t\t            <div class=\"elementor-background-overlay\"><\/div>\n\t\t\n\t\t        <div class=\"elementor-container elementor-column-gap-default \" >\n\t\t        <div class=\"elementor-column elementor-col-100 elementor-top-column elementor-element elementor-element-3abdce96\" data-id=\"3abdce96\" data-element_type=\"column\">\n        <div class=\"elementor-widget-wrap elementor-element-populated\">\n                        \t\t<div class=\"elementor-element elementor-element-0eb5158 elementor-widget elementor-widget-image\" data-id=\"0eb5158\" data-element_type=\"widget\" data-widget_type=\"image.default\">\n\t\t\t\t<div class=\"elementor-widget-container\">\n\t\t\t<style>\/*! elementor - v3.18.0 - 08-12-2023 *\/\n.elementor-widget-image{text-align:center}.elementor-widget-image a{display:inline-block}.elementor-widget-image a img[src$=\".svg\"]{width:48px}.elementor-widget-image img{vertical-align:middle;display:inline-block}<\/style>\t\t\t\t\t\t\t\t\t\t\t\t<img fetchpriority=\"high\" decoding=\"async\" width=\"640\" height=\"146\" src=\"https:\/\/siera.sn\/wp-content\/uploads\/2024\/03\/Entete-pour-siteweb-FORMULAIRES-PNG.png\" class=\"attachment-large size-large wp-image-17782\" alt=\"\" \/>\t\t\t\t\t\t\t\t\t\t\t\t\t\t\t<\/div>\n\t\t\t\t<\/div>\n\t\t\t\t<div class=\"elementor-element elementor-element-d43a0f7 elementor-widget elementor-widget-heading\" data-id=\"d43a0f7\" data-element_type=\"widget\" data-widget_type=\"heading.default\">\n\t\t\t\t<div class=\"elementor-widget-container\">\n\t\t\t<style>\/*! elementor - v3.18.0 - 08-12-2023 *\/\n.elementor-heading-title{padding:0;margin:0;line-height:1}.elementor-widget-heading .elementor-heading-title[class*=elementor-size-]>a{color:inherit;font-size:inherit;line-height:inherit}.elementor-widget-heading .elementor-heading-title.elementor-size-small{font-size:15px}.elementor-widget-heading .elementor-heading-title.elementor-size-medium{font-size:19px}.elementor-widget-heading .elementor-heading-title.elementor-size-large{font-size:29px}.elementor-widget-heading .elementor-heading-title.elementor-size-xl{font-size:39px}.elementor-widget-heading .elementor-heading-title.elementor-size-xxl{font-size:59px}<\/style><h2 class=\"elementor-heading-title elementor-size-default\">FORMULAIRE RENCONTRES DE PARTENARIAT<\/h2>\t\t<\/div>\n\t\t\t\t<\/div>\n\t\t        <section class=\"elementor-section elementor-inner-section elementor-element elementor-element-1d8e1444 elementor-section-boxed elementor-section-height-default elementor-section-height-default\" data-id=\"1d8e1444\" data-element_type=\"section\" data-settings=\"{&quot;background_background&quot;:&quot;classic&quot;}\">\n\t\t\n\t\t        <div class=\"elementor-container elementor-column-gap-default \" >\n\t\t        <div class=\"elementor-column elementor-col-50 elementor-inner-column elementor-element elementor-element-c3642ff\" data-id=\"c3642ff\" data-element_type=\"column\" data-settings=\"{&quot;background_background&quot;:&quot;classic&quot;}\">\n        <div class=\"elementor-widget-wrap elementor-element-populated\">\n                    <div class=\"elementor-background-overlay\"><\/div>\n                        \t\t<div class=\"elementor-element elementor-element-5671e382 elementor-widget elementor-widget-text-editor\" data-id=\"5671e382\" data-element_type=\"widget\" data-widget_type=\"text-editor.default\">\n\t\t\t\t<div class=\"elementor-widget-container\">\n\t\t\t<style>\/*! elementor - v3.18.0 - 08-12-2023 *\/\n.elementor-widget-text-editor.elementor-drop-cap-view-stacked .elementor-drop-cap{background-color:#69727d;color:#fff}.elementor-widget-text-editor.elementor-drop-cap-view-framed .elementor-drop-cap{color:#69727d;border:3px solid;background-color:transparent}.elementor-widget-text-editor:not(.elementor-drop-cap-view-default) .elementor-drop-cap{margin-top:8px}.elementor-widget-text-editor:not(.elementor-drop-cap-view-default) .elementor-drop-cap-letter{width:1em;height:1em}.elementor-widget-text-editor .elementor-drop-cap{float:left;text-align:center;line-height:1;font-size:50px}.elementor-widget-text-editor .elementor-drop-cap-letter{display:inline-block}<\/style>\t\t\t\t<p>Explorez avec nous des opportunit\u00e9s de partenariats strat\u00e9giques, de collaborations et de rencontres autour du Salon international.<\/p>\t\t\t\t\t\t<\/div>\n\t\t\t\t<\/div>\n\t\t\t\t<div class=\"elementor-element elementor-element-2adf867c elementor-widget elementor-widget-cms_button_more\" data-id=\"2adf867c\" data-element_type=\"widget\" data-widget_type=\"cms_button_more.default\">\n\t\t\t\t<div class=\"elementor-widget-container\">\n\t\t\t<div class=\"cms-button-readmore\">\r\n    <a href=\"https:\/\/maps.app.goo.gl\/v6KsRP6osMSY1PjZ7\" target=\"_blank\" rel=\"nofollow\" class=\"btn-read-more more-invert\">\r\n                        <span >\r\n                    <i class=\"fac fac-arrow-right\"><\/i>\r\n                    Cliquez ici pour voir la carte du lieu de l&#039;\u00e9v\u00e8nement                <\/span>\r\n                    <\/a>\r\n<\/div>\t\t<\/div>\n\t\t\t\t<\/div>\n\t\t\t\t<div class=\"elementor-element elementor-element-1cd0d85c elementor-widget elementor-widget-cms_button\" data-id=\"1cd0d85c\" data-element_type=\"widget\" data-widget_type=\"cms_button.default\">\n\t\t\t\t<div class=\"elementor-widget-container\">\n\t\t\t<div class=\"cms-button-wrapper cms-button layout1\">\r\n    <a href=\"https:\/\/siera.sn\/index.php\/contactez-nous\/\" target=\"_blank\" rel=\"nofollow\" class=\"btn btn-white\">\r\n                            <span class=\"cms-button-icon cms-align-icon-right\">\r\n                <i aria-hidden=\"true\" class=\"flaticon flaticon-arrow-pointing-to-right\"><\/i>            <\/span>\r\n                <span class=\"cms-button-text\">Contactez Nous<\/span>\r\n    <\/a>\r\n<\/div>\t\t<\/div>\n\t\t\t\t<\/div>\n\t\t        <\/div>\n        <\/div>\n                <div class=\"elementor-column elementor-col-50 elementor-inner-column elementor-element elementor-element-11bfc41a\" data-id=\"11bfc41a\" data-element_type=\"column\">\n        <div class=\"elementor-widget-wrap elementor-element-populated\">\n                        \t\t<div class=\"elementor-element elementor-element-18c489a elementor-widget elementor-widget-formidable\" data-id=\"18c489a\" data-element_type=\"widget\" data-widget_type=\"formidable.default\">\n\t\t\t\t<div class=\"elementor-widget-container\">\n\t\t\t<div class=\"frm_forms  with_frm_style frm_style_style-formidable\" id=\"frm_form_5_container\" data-token=\"9ba0d48d8c3c2e26e3edc9c45acb803d\">\n<form enctype=\"multipart\/form-data\" method=\"post\" class=\"frm-show-form \" id=\"form_rencontres-partenaires\"  data-token=\"9ba0d48d8c3c2e26e3edc9c45acb803d\">\n<div class=\"frm_form_fields \">\n<fieldset>\n<legend class=\"frm_screen_reader\">RENCONTRES PARTENAIRES<\/legend>\r\n\r\n<div class=\"frm_fields_container\">\n<input type=\"hidden\" name=\"frm_action\" value=\"create\" \/>\n<input type=\"hidden\" name=\"form_id\" value=\"5\" \/>\n<input type=\"hidden\" name=\"frm_hide_fields_5\" id=\"frm_hide_fields_5\" value=\"\" \/>\n<input type=\"hidden\" name=\"form_key\" value=\"rencontres-partenaires\" \/>\n<input type=\"hidden\" name=\"item_meta[0]\" value=\"\" \/>\n<input type=\"hidden\" id=\"frm_submit_entry_5\" name=\"frm_submit_entry_5\" value=\"1fa770ecc6\" \/><input type=\"hidden\" name=\"_wp_http_referer\" value=\"\/index.php\/wp-json\/wp\/v2\/pages\/3200\" \/><div id=\"frm_field_27_container\" class=\"frm_form_field form-field  frm_required_field frm_top_container\">\r\n    <div  id=\"field_nr7zb_label\" class=\"frm_primary_label\">Nom \/ Name :\r\n        <span class=\"frm_required\" aria-hidden=\"true\">*<\/span>\r\n    <\/div>\r\n    <fieldset aria-labelledby=\"field_nr7zb_label\">\n\t<legend class=\"frm_screen_reader frm_hidden\">\n\t\tNom \/ Name :\t<\/legend>\n\n\t<div  class=\"frm_combo_inputs_container\" id=\"frm_combo_inputs_container_27\" data-name-layout=\"first_last\">\n\t\t\t\t\t<div\n\t\t\t\tid=\"frm_field_27-first_container\"\n\t\t\t\tclass=\"frm_form_field form-field frm_form_subfield-first  frm6\"\n\t\t\t\tdata-sub-field-name=\"first\"\n\t\t\t>\n\t\t\t\t<label for=\"field_nr7zb_first\" class=\"frm_screen_reader frm_hidden\">\n\t\t\t\t\tPr\u00e9nom \/ First name\t\t\t\t<\/label>\n\n\t\t\t\t\t\t\t\t\t\t<input\n\t\t\t\t\t\t\ttype=\"text\"\n\t\t\t\t\t\t\tid=\"field_nr7zb_first\"\n\t\t\t\t\t\t\tvalue=\"\"\n\t\t\t\t\t\t\tname=\"item_meta[27][first]\"  data-reqmsg=\"Ce champ ne peut pas \u00eatre vide\" aria-required=\"true\" data-invmsg=\"Nom \/ Name : est non valide\" aria-invalid=\"false\"  \t\t\t\t\t\t\/>\n\t\t\t\t\t\t<div class=\"frm_description\" id=\"frm_field_27_first_desc\">Pr\u00e9nom \/ First name<\/div>\t\t\t<\/div>\n\t\t\t\t\t<div\n\t\t\t\tid=\"frm_field_27-last_container\"\n\t\t\t\tclass=\"frm_form_field form-field frm_form_subfield-last  frm6\"\n\t\t\t\tdata-sub-field-name=\"last\"\n\t\t\t>\n\t\t\t\t<label for=\"field_nr7zb_last\" class=\"frm_screen_reader frm_hidden\">\n\t\t\t\t\tNom \/ Last name\t\t\t\t<\/label>\n\n\t\t\t\t\t\t\t\t\t\t<input\n\t\t\t\t\t\t\ttype=\"text\"\n\t\t\t\t\t\t\tid=\"field_nr7zb_last\"\n\t\t\t\t\t\t\tvalue=\"\"\n\t\t\t\t\t\t\tname=\"item_meta[27][last]\"  data-reqmsg=\"Ce champ ne peut pas \u00eatre vide\" aria-required=\"true\" data-invmsg=\"Nom \/ Name : est non valide\" aria-invalid=\"false\"  \t\t\t\t\t\t\/>\n\t\t\t\t\t\t<div class=\"frm_description\" id=\"frm_field_27_last_desc\">Nom \/ Last name<\/div>\t\t\t<\/div>\n\t\t\t<\/div>\n<\/fieldset>\n\r\n    \r\n    \r\n<\/div>\n<div id=\"frm_field_28_container\" class=\"frm_form_field form-field  frm_required_field frm_top_container\">\r\n    <label for=\"field_8y0fb\" id=\"field_8y0fb_label\" class=\"frm_primary_label\">Adresse \/ Address :\r\n        <span class=\"frm_required\" aria-hidden=\"true\">*<\/span>\r\n    <\/label>\r\n    <input type=\"text\" id=\"field_8y0fb\" name=\"item_meta[28]\" value=\"\"  data-reqmsg=\"Ce champ ne peut pas \u00eatre vide\" aria-required=\"true\" data-invmsg=\"texte est non valide\" aria-invalid=\"false\"  \/>\r\n    \r\n    \r\n<\/div>\n<div id=\"frm_field_29_container\" class=\"frm_form_field form-field  frm_required_field frm_top_container\">\r\n    <label for=\"field_2ec0c\" id=\"field_2ec0c_label\" class=\"frm_primary_label\">Nom Entreprise \/ Name of Company :\r\n        <span class=\"frm_required\" aria-hidden=\"true\">*<\/span>\r\n    <\/label>\r\n    <input type=\"text\" id=\"field_2ec0c\" name=\"item_meta[29]\" value=\"\"  data-reqmsg=\"Ce champ ne peut pas \u00eatre vide\" aria-required=\"true\" data-invmsg=\"texte est non valide\" aria-invalid=\"false\"  \/>\r\n    \r\n    \r\n<\/div>\n<div id=\"frm_field_30_container\" class=\"frm_form_field form-field  frm_required_field frm_top_container frm6 frm_first\">\r\n    <label for=\"field_1f6vr\" id=\"field_1f6vr_label\" class=\"frm_primary_label\">T\u00e9l\u00e9phone \/ Phone : \r\n        <span class=\"frm_required\" aria-hidden=\"true\">*<\/span>\r\n    <\/label>\r\n    <input type=\"tel\" id=\"field_1f6vr\" name=\"item_meta[30]\" value=\"\"  data-reqmsg=\"Ce champ ne peut pas \u00eatre vide\" aria-required=\"true\" data-invmsg=\"T\u00e9l\u00e9phone est non valide\" aria-invalid=\"false\" pattern=\"((\\+\\d{1,3}(-|.| )?\\(?\\d\\)?(-| |.)?\\d{1,5})|(\\(?\\d{2,6}\\)?))(-|.| )?(\\d{3,4})(-|.| )?(\\d{4})(( x| ext)\\d{1,5}){0,1}$\"  \/>\r\n    \r\n    \r\n<\/div>\n<div id=\"frm_field_31_container\" class=\"frm_form_field form-field  frm_required_field frm_top_container frm6\">\r\n    <label for=\"field_gd9c1\" id=\"field_gd9c1_label\" class=\"frm_primary_label\">Email\r\n        <span class=\"frm_required\" aria-hidden=\"true\">*<\/span>\r\n    <\/label>\r\n    <input type=\"email\" id=\"field_gd9c1\" name=\"item_meta[31]\" value=\"\"  data-reqmsg=\"Ce champ ne peut pas \u00eatre vide\" aria-required=\"true\" data-invmsg=\"Email est non valide\" aria-invalid=\"false\"  \/>\r\n    \r\n    \r\n<\/div>\n<div id=\"frm_field_32_container\" class=\"frm_form_field form-field  frm_required_field frm_top_container vertical_radio\">\r\n    <div  id=\"field_4od4s_label\" class=\"frm_primary_label\">Partenariat recherch\u00e9 \/ Partnerships needed\r\n        <span class=\"frm_required\" aria-hidden=\"true\">*<\/span>\r\n    <\/div>\r\n    <div class=\"frm_opt_container\" aria-labelledby=\"field_4od4s_label\" role=\"group\">\t\t<div class=\"frm_checkbox\" id=\"frm_checkbox_32-0\"><label for=\"field_4od4s-0\"><input type=\"checkbox\" name=\"item_meta[32][]\" id=\"field_4od4s-0\" value=\"Financement \/ Funding\"  data-reqmsg=\"Ce champ ne peut pas \u00eatre vide\" data-invmsg=\"Partenariat recherch\u00e9 \/ Partnerships needed est non valide\" aria-invalid=\"false\"   aria-required=\"true\"  \/> Financement \/ Funding<\/label><\/div>\n\t\t<div class=\"frm_checkbox\" id=\"frm_checkbox_32-1\"><label for=\"field_4od4s-1\"><input type=\"checkbox\" name=\"item_meta[32][]\" id=\"field_4od4s-1\" value=\"Assistance technique \/ Technical assistance\"  data-reqmsg=\"Ce champ ne peut pas \u00eatre vide\" data-invmsg=\"Partenariat recherch\u00e9 \/ Partnerships needed est non valide\" aria-invalid=\"false\"   \/> Assistance technique \/ Technical assistance<\/label><\/div>\n\t\t<div class=\"frm_checkbox\" id=\"frm_checkbox_32-2\"><label for=\"field_4od4s-2\"><input type=\"checkbox\" name=\"item_meta[32][]\" id=\"field_4od4s-2\" value=\"Transfert technologie \/ Technological transfer\"  data-reqmsg=\"Ce champ ne peut pas \u00eatre vide\" data-invmsg=\"Partenariat recherch\u00e9 \/ Partnerships needed est non valide\" aria-invalid=\"false\"   \/> Transfert technologie \/ Technological transfer<\/label><\/div>\n\t\t<div class=\"frm_checkbox\" id=\"frm_checkbox_32-3\"><label for=\"field_4od4s-3\"><input type=\"checkbox\" name=\"item_meta[32][]\" id=\"field_4od4s-3\" value=\"Joint venture \/ Joint venture\"  data-reqmsg=\"Ce champ ne peut pas \u00eatre vide\" data-invmsg=\"Partenariat recherch\u00e9 \/ Partnerships needed est non valide\" aria-invalid=\"false\"   \/> Joint venture \/ Joint venture<\/label><\/div>\n\t\t<div class=\"frm_checkbox\" id=\"frm_checkbox_32-4\"><label for=\"field_4od4s-4\"><input type=\"checkbox\" name=\"item_meta[32][]\" id=\"field_4od4s-4\" value=\"Partenariat commercial \/ Trading partner\"  data-reqmsg=\"Ce champ ne peut pas \u00eatre vide\" data-invmsg=\"Partenariat recherch\u00e9 \/ Partnerships needed est non valide\" aria-invalid=\"false\"   \/> Partenariat commercial \/ Trading partner<\/label><\/div>\n\t\t<div class=\"frm_checkbox\" id=\"frm_checkbox_32-5\"><label for=\"field_4od4s-5\"><input type=\"checkbox\" name=\"item_meta[32][]\" id=\"field_4od4s-5\" value=\"Representation commerciale \/ Marketing representative\"  data-reqmsg=\"Ce champ ne peut pas \u00eatre vide\" data-invmsg=\"Partenariat recherch\u00e9 \/ Partnerships needed est non valide\" aria-invalid=\"false\"   \/> Representation commerciale \/ Marketing representative<\/label><\/div>\n\t\t<div class=\"frm_checkbox\" id=\"frm_checkbox_32-6\"><label for=\"field_4od4s-6\"><input type=\"checkbox\" name=\"item_meta[32][]\" id=\"field_4od4s-6\" value=\"Sous-traitance \/ Sub contracting\"  data-reqmsg=\"Ce champ ne peut pas \u00eatre vide\" data-invmsg=\"Partenariat recherch\u00e9 \/ Partnerships needed est non valide\" aria-invalid=\"false\"   \/> Sous-traitance \/ Sub contracting<\/label><\/div>\n<\/div>\r\n    \r\n    \r\n<\/div>\n<div id=\"frm_field_33_container\" class=\"frm_form_field form-field  frm_top_container\">\r\n    <label for=\"field_4qwse\" id=\"field_4qwse_label\" class=\"frm_primary_label\">Br\u00e8ve description de la coop\u00e9ration souhait\u00e9e \/ Short description of the partnership needed : \r\n        <span class=\"frm_required\" aria-hidden=\"true\"><\/span>\r\n    <\/label>\r\n    <textarea name=\"item_meta[33]\" id=\"field_4qwse\" rows=\"5\"  data-invmsg=\"Br\u00e8ve description de la coop\u00e9ration souhait\u00e9e \/ Short description of the partnership needed :  est non valide\" aria-invalid=\"false\"  ><\/textarea>\r\n    \r\n    \r\n<\/div>\n\t<input type=\"hidden\" name=\"item_key\" value=\"\" \/>\n\t\t\t\t<div class=\"frm__658e272c64cd0\">\n\t\t\t\t<label for=\"frm_email_5\" >\n\t\t\t\t\tSi vous \u00eates un humain, ne remplissez pas ce champ.\t\t\t\t<\/label>\n\t\t\t\t<input  id=\"frm_email_5\" type=\"text\" class=\"frm_verify\" name=\"frm__658e272c64cd0\" value=\"\" autocomplete=\"false\"  \/>\n\t\t\t<\/div>\n\t\t<div class=\"frm_submit frm_flex\">\r\n<button class=\"frm_button_submit\" type=\"submit\"  >Envoyer<\/button>\r\n\r\n\r\n\r\n<\/div><\/div>\n<\/fieldset>\n<\/div>\n<\/form>\n<\/div>\n\t\t<\/div>\n\t\t\t\t<\/div>\n\t\t        <\/div>\n        <\/div>\n        \t\t        <\/div>\n        <\/section>\n\t\t\t\t<div class=\"elementor-element elementor-element-2a86a4c3 elementor-widget elementor-widget-spacer\" data-id=\"2a86a4c3\" data-element_type=\"widget\" data-widget_type=\"spacer.default\">\n\t\t\t\t<div class=\"elementor-widget-container\">\n\t\t\t<style>\/*! elementor - v3.18.0 - 08-12-2023 *\/\n.elementor-column .elementor-spacer-inner{height:var(--spacer-size)}.e-con{--container-widget-width:100%}.e-con-inner>.elementor-widget-spacer,.e-con>.elementor-widget-spacer{width:var(--container-widget-width,var(--spacer-size));--align-self:var(--container-widget-align-self,initial);--flex-shrink:0}.e-con-inner>.elementor-widget-spacer>.elementor-widget-container,.e-con>.elementor-widget-spacer>.elementor-widget-container{height:100%;width:100%}.e-con-inner>.elementor-widget-spacer>.elementor-widget-container>.elementor-spacer,.e-con>.elementor-widget-spacer>.elementor-widget-container>.elementor-spacer{height:100%}.e-con-inner>.elementor-widget-spacer>.elementor-widget-container>.elementor-spacer>.elementor-spacer-inner,.e-con>.elementor-widget-spacer>.elementor-widget-container>.elementor-spacer>.elementor-spacer-inner{height:var(--container-widget-height,var(--spacer-size))}.e-con-inner>.elementor-widget-spacer.elementor-widget-empty,.e-con>.elementor-widget-spacer.elementor-widget-empty{position:relative;min-height:22px;min-width:22px}.e-con-inner>.elementor-widget-spacer.elementor-widget-empty .elementor-widget-empty-icon,.e-con>.elementor-widget-spacer.elementor-widget-empty .elementor-widget-empty-icon{position:absolute;top:0;bottom:0;left:0;right:0;margin:auto;padding:0;width:22px;height:22px}<\/style>\t\t<div class=\"elementor-spacer\">\n\t\t\t<div class=\"elementor-spacer-inner\"><\/div>\n\t\t<\/div>\n\t\t\t\t<\/div>\n\t\t\t\t<\/div>\n\t\t        <\/div>\n        <\/div>\n        \t\t        <\/div>\n        <\/section>\n\t\t\t\t\t\t\t<\/div>\n\t\t","protected":false},"excerpt":{"rendered":"<p>FORMULAIRE RENCONTRES DE PARTENARIAT Explorez avec nous des opportunit\u00e9s de partenariats strat\u00e9giques, de collaborations et de rencontres autour du Salon international. Cliquez ici pour voir la carte du lieu de l&#039;\u00e9v\u00e8nement Contactez Nous RENCONTRES PARTENAIRES Nom \/ Name : * Nom \/ Name : Pr\u00e9nom \/ First name Pr\u00e9nom \/ First name Nom \/ Last [&hellip;]<\/p>\n","protected":false},"author":1,"featured_media":0,"parent":0,"menu_order":0,"comment_status":"closed","ping_status":"closed","template":"","meta":{"_monsterinsights_skip_tracking":false,"_monsterinsights_sitenote_active":false,"_monsterinsights_sitenote_note":"","_monsterinsights_sitenote_category":0,"footnotes":""},"aioseo_notices":[],"_links":{"self":[{"href":"https:\/\/siera.sn\/index.php\/wp-json\/wp\/v2\/pages\/3200"}],"collection":[{"href":"https:\/\/siera.sn\/index.php\/wp-json\/wp\/v2\/pages"}],"about":[{"href":"https:\/\/siera.sn\/index.php\/wp-json\/wp\/v2\/types\/page"}],"author":[{"embeddable":true,"href":"https:\/\/siera.sn\/index.php\/wp-json\/wp\/v2\/users\/1"}],"replies":[{"embeddable":true,"href":"https:\/\/siera.sn\/index.php\/wp-json\/wp\/v2\/comments?post=3200"}],"version-history":[{"count":28,"href":"https:\/\/siera.sn\/index.php\/wp-json\/wp\/v2\/pages\/3200\/revisions"}],"predecessor-version":[{"id":17972,"href":"https:\/\/siera.sn\/index.php\/wp-json\/wp\/v2\/pages\/3200\/revisions\/17972"}],"wp:attachment":[{"href":"https:\/\/siera.sn\/index.php\/wp-json\/wp\/v2\/media?parent=3200"}],"curies":[{"name":"wp","href":"https:\/\/api.w.org\/{rel}","templated":true}]}}