{"id":36,"date":"2020-12-25T04:09:02","date_gmt":"2020-12-25T04:09:02","guid":{"rendered":"https:\/\/demo.cmssuperheroes.com\/themeforest\/koira\/?page_id=36"},"modified":"2025-02-19T11:05:36","modified_gmt":"2025-02-19T10:05:36","slug":"tarifs-offres","status":"publish","type":"page","link":"https:\/\/siera.sn\/index.php\/tarifs-offres\/","title":{"rendered":"Tarifs &#038; Offres"},"content":{"rendered":"\t\t<div data-elementor-type=\"wp-page\" data-elementor-id=\"36\" class=\"elementor elementor-36\">\n\t\t\t\t\t\t\t        <section class=\"elementor-section elementor-top-section elementor-element elementor-element-446b2d85 elementor-section-stretched elementor-section-boxed elementor-section-height-default elementor-section-height-default\" data-id=\"446b2d85\" data-element_type=\"section\" data-settings=\"{&quot;stretch_section&quot;:&quot;section-stretched&quot;,&quot;background_background&quot;:&quot;classic&quot;}\">\n\t\t            <div class=\"elementor-background-overlay\"><\/div>\n\t\t\n\t\t        <div class=\"elementor-container elementor-column-gap-default \" >\n\t\t        <div class=\"elementor-column elementor-col-100 elementor-top-column elementor-element elementor-element-5f55c0ee\" data-id=\"5f55c0ee\" data-element_type=\"column\">\n        <div class=\"elementor-widget-wrap elementor-element-populated\">\n                                <section class=\"elementor-section elementor-inner-section elementor-element elementor-element-13ab5197 elementor-section-boxed elementor-section-height-default elementor-section-height-default\" data-id=\"13ab5197\" data-element_type=\"section\">\n\t\t\n\t\t        <div class=\"elementor-container elementor-column-gap-default \" >\n\t\t        <div class=\"elementor-column elementor-col-50 elementor-inner-column elementor-element elementor-element-4e06989e\" data-id=\"4e06989e\" data-element_type=\"column\">\n        <div class=\"elementor-widget-wrap elementor-element-populated\">\n                        \t\t<div class=\"elementor-element elementor-element-1fef945 elementor-widget elementor-widget-cms_heading\" data-id=\"1fef945\" data-element_type=\"widget\" data-widget_type=\"cms_heading.default\">\n\t\t\t\t<div class=\"elementor-widget-container\">\n\t\t\t<div class=\"cms-heading-wrapper cms-heading-layout1\">\r\n    \r\n            <h1 class=\"custom-heading\">\r\n            <span >Nos Offres<\/span>\r\n        <\/h1>\r\n        \r\n    <\/div>\t\t<\/div>\n\t\t\t\t<\/div>\n\t\t\t\t<div class=\"elementor-element elementor-element-2f3e884a elementor-widget elementor-widget-text-editor\" data-id=\"2f3e884a\" data-element_type=\"widget\" data-widget_type=\"text-editor.default\">\n\t\t\t\t<div class=\"elementor-widget-container\">\n\t\t\t<style>\/*! elementor - v3.18.0 - 08-12-2023 *\/\n.elementor-widget-text-editor.elementor-drop-cap-view-stacked .elementor-drop-cap{background-color:#69727d;color:#fff}.elementor-widget-text-editor.elementor-drop-cap-view-framed .elementor-drop-cap{color:#69727d;border:3px solid;background-color:transparent}.elementor-widget-text-editor:not(.elementor-drop-cap-view-default) .elementor-drop-cap{margin-top:8px}.elementor-widget-text-editor:not(.elementor-drop-cap-view-default) .elementor-drop-cap-letter{width:1em;height:1em}.elementor-widget-text-editor .elementor-drop-cap{float:left;text-align:center;line-height:1;font-size:50px}.elementor-widget-text-editor .elementor-drop-cap-letter{display:inline-block}<\/style>\t\t\t\t<p>Nous proposons des OFFRES et SERVICES sur l\u2019ensemble de nos PACKAGES. Nous accompagnons nos exposants sur l&#8217;ensemble du processus.<\/p>\t\t\t\t\t\t<\/div>\n\t\t\t\t<\/div>\n\t\t\t\t<div class=\"elementor-element elementor-element-61f8add5 elementor-widget__width-auto elementor-widget elementor-widget-cms_button\" data-id=\"61f8add5\" data-element_type=\"widget\" data-widget_type=\"cms_button.default\">\n\t\t\t\t<div class=\"elementor-widget-container\">\n\t\t\t<div class=\"cms-button-wrapper cms-button layout1\">\r\n    <a href=\"https:\/\/siera.sn\/index.php\/contactez-nous\/\" target=\"_blank\" rel=\"nofollow\" class=\"btn btn-white-secondary\">\r\n                            <span class=\"cms-button-icon cms-align-icon-right\">\r\n                <i aria-hidden=\"true\" class=\"flaticon flaticon-arrow-pointing-to-right\"><\/i>            <\/span>\r\n                <span class=\"cms-button-text\">Contactez-nous<\/span>\r\n    <\/a>\r\n<\/div>\t\t<\/div>\n\t\t\t\t<\/div>\n\t\t        <\/div>\n        <\/div>\n                <div class=\"elementor-column elementor-col-50 elementor-inner-column elementor-element elementor-element-715129\" data-id=\"715129\" data-element_type=\"column\">\n        <div class=\"elementor-widget-wrap\">\n                                <\/div>\n        <\/div>\n        \t\t        <\/div>\n        <\/section>\n\t\t\t\t<div class=\"elementor-element elementor-element-6b95b9d6 elementor-widget elementor-widget-spacer\" data-id=\"6b95b9d6\" data-element_type=\"widget\" data-widget_type=\"spacer.default\">\n\t\t\t\t<div class=\"elementor-widget-container\">\n\t\t\t<style>\/*! elementor - v3.18.0 - 08-12-2023 *\/\n.elementor-column .elementor-spacer-inner{height:var(--spacer-size)}.e-con{--container-widget-width:100%}.e-con-inner>.elementor-widget-spacer,.e-con>.elementor-widget-spacer{width:var(--container-widget-width,var(--spacer-size));--align-self:var(--container-widget-align-self,initial);--flex-shrink:0}.e-con-inner>.elementor-widget-spacer>.elementor-widget-container,.e-con>.elementor-widget-spacer>.elementor-widget-container{height:100%;width:100%}.e-con-inner>.elementor-widget-spacer>.elementor-widget-container>.elementor-spacer,.e-con>.elementor-widget-spacer>.elementor-widget-container>.elementor-spacer{height:100%}.e-con-inner>.elementor-widget-spacer>.elementor-widget-container>.elementor-spacer>.elementor-spacer-inner,.e-con>.elementor-widget-spacer>.elementor-widget-container>.elementor-spacer>.elementor-spacer-inner{height:var(--container-widget-height,var(--spacer-size))}.e-con-inner>.elementor-widget-spacer.elementor-widget-empty,.e-con>.elementor-widget-spacer.elementor-widget-empty{position:relative;min-height:22px;min-width:22px}.e-con-inner>.elementor-widget-spacer.elementor-widget-empty .elementor-widget-empty-icon,.e-con>.elementor-widget-spacer.elementor-widget-empty .elementor-widget-empty-icon{position:absolute;top:0;bottom:0;left:0;right:0;margin:auto;padding:0;width:22px;height:22px}<\/style>\t\t<div class=\"elementor-spacer\">\n\t\t\t<div class=\"elementor-spacer-inner\"><\/div>\n\t\t<\/div>\n\t\t\t\t<\/div>\n\t\t\t\t<\/div>\n\t\t        <\/div>\n        <\/div>\n        \t\t        <\/div>\n        <\/section>\n\t\t        <section class=\"elementor-section elementor-top-section elementor-element elementor-element-69fc212c elementor-section-stretched elementor-section-boxed elementor-section-height-default elementor-section-height-default\" data-id=\"69fc212c\" data-element_type=\"section\" data-settings=\"{&quot;stretch_section&quot;:&quot;section-stretched&quot;}\">\n\t\t\n\t\t        <div class=\"elementor-container elementor-column-gap-default \" >\n\t\t        <div class=\"elementor-column elementor-col-100 elementor-top-column elementor-element elementor-element-414e8e4f\" data-id=\"414e8e4f\" data-element_type=\"column\">\n        <div class=\"elementor-widget-wrap elementor-element-populated\">\n                        \t\t<div class=\"elementor-element elementor-element-7bd1df19 elementor-widget elementor-widget-cms_breadcrumb\" data-id=\"7bd1df19\" data-element_type=\"widget\" data-widget_type=\"cms_breadcrumb.default\">\n\t\t\t\t<div class=\"elementor-widget-container\">\n\t\t\t<ul class=\"cms-breadcrumb\"><li><span class=\"breadcrumb-entry\">Home<\/span><\/li><\/ul>\t\t<\/div>\n\t\t\t\t<\/div>\n\t\t        <\/div>\n        <\/div>\n        \t\t        <\/div>\n        <\/section>\n\t\t        <section class=\"elementor-section elementor-top-section elementor-element elementor-element-63f68a15 elementor-section-stretched elementor-section-boxed elementor-section-height-default elementor-section-height-default\" data-id=\"63f68a15\" data-element_type=\"section\" data-settings=\"{&quot;background_background&quot;:&quot;classic&quot;,&quot;stretch_section&quot;:&quot;section-stretched&quot;}\">\n\t\t            <div class=\"elementor-background-overlay\"><\/div>\n\t\t\n\t\t        <div class=\"elementor-container elementor-column-gap-default \" >\n\t\t        <div class=\"elementor-column elementor-col-100 elementor-top-column elementor-element elementor-element-6f753402\" data-id=\"6f753402\" data-element_type=\"column\">\n        <div class=\"elementor-widget-wrap elementor-element-populated\">\n                        \t\t<div class=\"elementor-element elementor-element-d0c24d0 elementor-widget elementor-widget-cms_heading\" data-id=\"d0c24d0\" data-element_type=\"widget\" data-widget_type=\"cms_heading.default\">\n\t\t\t\t<div class=\"elementor-widget-container\">\n\t\t\t<div class=\"cms-heading-wrapper cms-heading-layout1\">\r\n            <div class=\"custom-subheading\">Tarifs et offres<\/div>\r\n    \r\n            <h2 class=\"custom-heading\">\r\n            <span >Tarification efficace et flexible\n<br>qui s\u2019adapte \u00e0 vos besoins<\/span>\r\n        <\/h2>\r\n        \r\n    <\/div>\t\t<\/div>\n\t\t\t\t<\/div>\n\t\t        <section class=\"elementor-section elementor-inner-section elementor-element elementor-element-3f17f11d elementor-section-boxed elementor-section-height-default elementor-section-height-default\" data-id=\"3f17f11d\" data-element_type=\"section\">\n\t\t\n\t\t        <div class=\"elementor-container elementor-column-gap-no \" >\n\t\t        <div class=\"elementor-column elementor-col-33 elementor-inner-column elementor-element elementor-element-631c8429\" data-id=\"631c8429\" data-element_type=\"column\">\n        <div class=\"elementor-widget-wrap elementor-element-populated\">\n                        \t\t<div class=\"elementor-element elementor-element-3cfb3be0 elementor-widget elementor-widget-cms_pricing\" data-id=\"3cfb3be0\" data-element_type=\"widget\" data-widget_type=\"cms_pricing.default\">\n\t\t\t\t<div class=\"elementor-widget-container\">\n\t\t\t<div class=\"cms-pricing-layout1 style1\">\r\n\t<div class=\"cms-pricing-inner\">\r\n        <div class=\"pricing-holder\">\r\n            <h3 class=\"pricing-title\">Sponsor Diamant<\/h3>\r\n            <div class=\"pricing-description\">L&#039;offre parfait pour les grandes entreprises<\/div>\r\n            <div class=\"pricing-gap\"><\/div>\r\n            <div class=\"pricing-price\">10.000.000 Fcfa<span>\/15.200 \u20ac<\/span><\/div>\r\n            <div class=\"pricing-button\">\r\n                <a class=\"btn btn-secondary\" href=\"https:\/\/siera.sn\/index.php\/sponsors\/\" target=\"_blank\">\r\n                    R\u00e9server maintenant                    <i class=\"fas fac-arrow-circle-right\"><\/i>\r\n                <\/a>\r\n            <\/div>\r\n            <div class=\"pricing-description2\">Devenez un partenaire cl\u00e9 de cet \u00e9v\u00e9nement prestigieux. D\u00e9couvrez nos diff\u00e9rents niveaux de sponsoring et les avantages associ\u00e9s \u00e0 chaque niveau.<\/div>\r\n\t\t\t\t\t\t    <ul class=\"cms-pricing-feature sl-invisible\">\r\n\t\t\t        \t\t\t            <li class=\"\">\r\n                            <i aria-hidden=\"true\" class=\"fas fa-check-circle\"><\/i>Stand de 18m\u00b2 am\u00e9nag\u00e9 et \u00e9quip\u00e9                         <\/li>\r\n\t\t\t        \t\t\t            <li class=\"\">\r\n                            <i aria-hidden=\"true\" class=\"fas fa-check-circle\"><\/i>Insertion publicitaire \u00e0 la 4\u00e8me couverture dans le catalogue officiel                        <\/li>\r\n\t\t\t        \t\t\t            <li class=\"\">\r\n                            <i aria-hidden=\"true\" class=\"fas fa-check-circle\"><\/i>Insertion publicitaire \u00e0 la 2\u00e8me couverture dans le guide d\u2019information \u00e9lectronique                        <\/li>\r\n\t\t\t        \t\t\t            <li class=\"\">\r\n                            <i aria-hidden=\"true\" class=\"fas fa-check-circle\"><\/i>Pr\u00e9sence logo avec mention sponsor officiel sur tous les visuels: affiches, b\u00e2che, couverture guide d\u2019information \u00e9lectronique, couverture catalogue officiel                        <\/li>\r\n\t\t\t        \t\t\t            <li class=\"\">\r\n                            <i aria-hidden=\"true\" class=\"fas fa-check-circle\"><\/i>Pr\u00e9sence exclusive de logo, avec mention sponsor officiel, sur les cartons d\u2019invitation \u00e0 la c\u00e9r\u00e9monie officielle d\u2019ouverture                        <\/li>\r\n\t\t\t        \t\t\t            <li class=\"\">\r\n                            <i aria-hidden=\"true\" class=\"fas fa-check-circle\"><\/i>Mention nom et logo sponsor officiel dans le spot publicitaire TV                        <\/li>\r\n\t\t\t        \t\t\t            <li class=\"\">\r\n                            <i aria-hidden=\"true\" class=\"fas fa-check-circle\"><\/i>Insertion nom et logo avec mention sponsor officiel sur les bandeaux et autres insertions publicitaires dans la presse \u00e9crite                        <\/li>\r\n\t\t\t        \t\t\t            <li class=\"\">\r\n                            <i aria-hidden=\"true\" class=\"fas fa-check-circle\"><\/i>Insertion banni\u00e8re, avec lien vers le site du sponsor, dans le site web du salon                        <\/li>\r\n\t\t\t        \t\t\t            <li class=\"\">\r\n                            <i aria-hidden=\"true\" class=\"fas fa-check-circle\"><\/i>Pr\u00e9sence banderole du sponsor dans la salle lors de la c\u00e9r\u00e9monie officielle d\u2019ouverture, et de cl\u00f4ture                        <\/li>\r\n\t\t\t        \t\t\t    <\/ul>\r\n\t\t\t\t\t<\/div>\r\n\t<\/div>\r\n    <\/div>\t\t<\/div>\n\t\t\t\t<\/div>\n\t\t        <\/div>\n        <\/div>\n                <div class=\"elementor-column elementor-col-33 elementor-inner-column elementor-element elementor-element-6110feb3\" data-id=\"6110feb3\" data-element_type=\"column\">\n        <div class=\"elementor-widget-wrap elementor-element-populated\">\n                        \t\t<div class=\"elementor-element elementor-element-234a72c elementor-widget elementor-widget-cms_pricing\" data-id=\"234a72c\" data-element_type=\"widget\" data-widget_type=\"cms_pricing.default\">\n\t\t\t\t<div class=\"elementor-widget-container\">\n\t\t\t<div class=\"cms-pricing-layout1 style2\">\r\n\t<div class=\"cms-pricing-inner\">\r\n        <div class=\"pricing-holder\">\r\n            <h3 class=\"pricing-title\">Sponsor Or<\/h3>\r\n            <div class=\"pricing-description\">L&#039;offre parfait pour les moyens entreprises<\/div>\r\n            <div class=\"pricing-gap\"><\/div>\r\n            <div class=\"pricing-price\">7.500.000 Fcfa<span>\/11.400 \u20ac<\/span><\/div>\r\n            <div class=\"pricing-button\">\r\n                <a class=\"btn btn-secondary\" href=\"https:\/\/siera.sn\/index.php\/sponsors\/\" target=\"_blank\">\r\n                    R\u00e9server maintenant                    <i class=\"fas fac-arrow-circle-right\"><\/i>\r\n                <\/a>\r\n            <\/div>\r\n            <div class=\"pricing-description2\">Devenez un partenaire cl\u00e9 de cet \u00e9v\u00e9nement prestigieux. D\u00e9couvrez nos diff\u00e9rents niveaux de sponsoring et les avantages associ\u00e9s \u00e0 chaque niveau.<\/div>\r\n\t\t\t\t\t\t    <ul class=\"cms-pricing-feature sl-invisible\">\r\n\t\t\t        \t\t\t            <li class=\"\">\r\n                            <i aria-hidden=\"true\" class=\"fas fa-check-circle\"><\/i>Stand de 12m\u00b2 am\u00e9nag\u00e9 et \u00e9quip\u00e9                        <\/li>\r\n\t\t\t        \t\t\t            <li class=\"\">\r\n                            <i aria-hidden=\"true\" class=\"fas fa-check-circle\"><\/i>Insertion publicitaire d\u2019une page en couleur en 2\u00e8me couverture dans le Catalogue officiel                        <\/li>\r\n\t\t\t        \t\t\t            <li class=\"\">\r\n                            <i aria-hidden=\"true\" class=\"fas fa-check-circle\"><\/i>Pr\u00e9sence logo sur visuels : affiches, b\u00e2che num\u00e9rique, couverture, guide d\u2019information \u00e9lectronique, couverture Catalogue officiel                        <\/li>\r\n\t\t\t        \t\t\t            <li class=\"\">\r\n                            <i aria-hidden=\"true\" class=\"fas fa-check-circle\"><\/i>Insertion logo fixe dans spot publicitaire TV                         <\/li>\r\n\t\t\t        \t\t\t            <li class=\"\">\r\n                            <i aria-hidden=\"true\" class=\"fas fa-check-circle\"><\/i>Pr\u00e9sence logo sur les bandeaux et autres insertions publicitaires dans la presse \u00e9crite                        <\/li>\r\n\t\t\t        \t\t\t            <li class=\"\">\r\n                            <i aria-hidden=\"true\" class=\"fas fa-check-circle\"><\/i>Insertion banni\u00e8re, avec lien vers le site du sponsor, dans le site web du salon                        <\/li>\r\n\t\t\t        \t\t\t            <li class=\"\">\r\n                            <i aria-hidden=\"true\" class=\"fas fa-check-circle\"><\/i>Pr\u00e9sence banderole du sponsor dans la salle lors de la c\u00e9r\u00e9monie d\u2019ouverture et de cl\u00f4ture                        <\/li>\r\n\t\t\t        \t\t\t            <li class=\"item-slashed\">\r\n                            <i aria-hidden=\"true\" class=\"fas fa-check-circle\"><\/i>50% more energy output                        <\/li>\r\n\t\t\t        \t\t\t    <\/ul>\r\n\t\t\t\t\t<\/div>\r\n\t<\/div>\r\n    <span class=\"pricing-highlight bg-image\"><\/span><\/div>\t\t<\/div>\n\t\t\t\t<\/div>\n\t\t        <\/div>\n        <\/div>\n                <div class=\"elementor-column elementor-col-33 elementor-inner-column elementor-element elementor-element-7214d476\" data-id=\"7214d476\" data-element_type=\"column\">\n        <div class=\"elementor-widget-wrap elementor-element-populated\">\n                        \t\t<div class=\"elementor-element elementor-element-a0955cb elementor-widget elementor-widget-cms_pricing\" data-id=\"a0955cb\" data-element_type=\"widget\" data-widget_type=\"cms_pricing.default\">\n\t\t\t\t<div class=\"elementor-widget-container\">\n\t\t\t<div class=\"cms-pricing-layout1 style1\">\r\n\t<div class=\"cms-pricing-inner\">\r\n        <div class=\"pricing-holder\">\r\n            <h3 class=\"pricing-title\">Sponsor Argent<\/h3>\r\n            <div class=\"pricing-description\">L&#039;offre parfait pour les petites entreprises<\/div>\r\n            <div class=\"pricing-gap\"><\/div>\r\n            <div class=\"pricing-price\">5.000.000 Fcfa<span>\/7.600 \u20ac<\/span><\/div>\r\n            <div class=\"pricing-button\">\r\n                <a class=\"btn btn-secondary\" href=\"https:\/\/siera.sn\/index.php\/sponsors\/\" target=\"_blank\">\r\n                    R\u00e9server maintenant                    <i class=\"fas fac-arrow-circle-right\"><\/i>\r\n                <\/a>\r\n            <\/div>\r\n            <div class=\"pricing-description2\">Devenez un partenaire cl\u00e9 de cet \u00e9v\u00e9nement prestigieux. D\u00e9couvrez nos diff\u00e9rents niveaux de sponsoring et les avantages associ\u00e9s \u00e0 chaque niveau.<\/div>\r\n\t\t\t\t\t\t    <ul class=\"cms-pricing-feature sl-invisible\">\r\n\t\t\t        \t\t\t            <li class=\"\">\r\n                            <i aria-hidden=\"true\" class=\"fas fa-check-circle\"><\/i>Stand de 09m\u00b2 am\u00e9nag\u00e9 et \u00e9quip\u00e9                        <\/li>\r\n\t\t\t        \t\t\t            <li class=\"\">\r\n                            <i aria-hidden=\"true\" class=\"fas fa-check-circle\"><\/i>Insertion publicitaire d\u2019une page en 3\u00e8me couverture dans le catalogue officiel                        <\/li>\r\n\t\t\t        \t\t\t            <li class=\"\">\r\n                            <i aria-hidden=\"true\" class=\"fas fa-check-circle\"><\/i>Pr\u00e9sence logo sur visuels : affiches, b\u00e2ches, couverture guide d\u2019information \u00e9lectronique, couverture catalogue officiel, etc.                        <\/li>\r\n\t\t\t        \t\t\t            <li class=\"\">\r\n                            <i aria-hidden=\"true\" class=\"fas fa-check-circle\"><\/i>Insertion logo fixe dans spot publicitaire TV                        <\/li>\r\n\t\t\t        \t\t\t            <li class=\"\">\r\n                            <i aria-hidden=\"true\" class=\"fas fa-check-circle\"><\/i>Pr\u00e9sence logo sur les bandeaux et autres insertions publicitaires dans la presse \u00e9crite                        <\/li>\r\n\t\t\t        \t\t\t            <li class=\"\">\r\n                            <i aria-hidden=\"true\" class=\"fas fa-check-circle\"><\/i>Insertion banni\u00e8re, avec lien vers le site du sponsor, dans le site web                        <\/li>\r\n\t\t\t        \t\t\t            <li class=\"\">\r\n                            <i aria-hidden=\"true\" class=\"fas fa-check-circle\"><\/i>Pr\u00e9sence banderole du sponsor dans la grande salle lors des c\u00e9r\u00e9monies officielles d\u2019ouverture et de cl\u00f4ture                        <\/li>\r\n\t\t\t        \t\t\t    <\/ul>\r\n\t\t\t\t\t<\/div>\r\n\t<\/div>\r\n    <\/div>\t\t<\/div>\n\t\t\t\t<\/div>\n\t\t        <\/div>\n        <\/div>\n        \t\t        <\/div>\n        <\/section>\n\t\t\t\t<div class=\"elementor-element elementor-element-38631a6 elementor-widget elementor-widget-text-editor\" data-id=\"38631a6\" data-element_type=\"widget\" data-widget_type=\"text-editor.default\">\n\t\t\t\t<div class=\"elementor-widget-container\">\n\t\t\t\t\t\t\t<p>Des offres et tarifs tr\u00e8s avantageux, <a class=\"color-secondary hover-underline-out underline-primary\" href=\"https:\/\/siera.sn\/index.php\/sponsors\/\" target=\"_blank\" rel=\"noopener\">Inscrivez-vous d\u00e8s maintenant !!<\/a><\/p>\t\t\t\t\t\t<\/div>\n\t\t\t\t<\/div>\n\t\t        <\/div>\n        <\/div>\n        \t\t        <\/div>\n        <\/section>\n\t\t\t\t\t\t\t<\/div>\n\t\t","protected":false},"excerpt":{"rendered":"<p>Nos Offres Nous proposons des OFFRES et SERVICES sur l\u2019ensemble de nos PACKAGES. Nous accompagnons nos exposants sur l&#8217;ensemble du processus. Contactez-nous Home Tarifs et offres Tarification efficace et flexible qui s\u2019adapte \u00e0 vos besoins Sponsor Diamant L&#039;offre parfait pour les grandes entreprises 10.000.000 Fcfa\/15.200 \u20ac R\u00e9server maintenant Devenez un partenaire cl\u00e9 de cet \u00e9v\u00e9nement [&hellip;]<\/p>\n","protected":false},"author":1,"featured_media":0,"parent":0,"menu_order":0,"comment_status":"closed","ping_status":"closed","template":"","meta":{"_monsterinsights_skip_tracking":false,"_monsterinsights_sitenote_active":false,"_monsterinsights_sitenote_note":"","_monsterinsights_sitenote_category":0,"footnotes":""},"aioseo_notices":[],"_links":{"self":[{"href":"https:\/\/siera.sn\/index.php\/wp-json\/wp\/v2\/pages\/36"}],"collection":[{"href":"https:\/\/siera.sn\/index.php\/wp-json\/wp\/v2\/pages"}],"about":[{"href":"https:\/\/siera.sn\/index.php\/wp-json\/wp\/v2\/types\/page"}],"author":[{"embeddable":true,"href":"https:\/\/siera.sn\/index.php\/wp-json\/wp\/v2\/users\/1"}],"replies":[{"embeddable":true,"href":"https:\/\/siera.sn\/index.php\/wp-json\/wp\/v2\/comments?post=36"}],"version-history":[{"count":40,"href":"https:\/\/siera.sn\/index.php\/wp-json\/wp\/v2\/pages\/36\/revisions"}],"predecessor-version":[{"id":17950,"href":"https:\/\/siera.sn\/index.php\/wp-json\/wp\/v2\/pages\/36\/revisions\/17950"}],"wp:attachment":[{"href":"https:\/\/siera.sn\/index.php\/wp-json\/wp\/v2\/media?parent=36"}],"curies":[{"name":"wp","href":"https:\/\/api.w.org\/{rel}","templated":true}]}}