{"id":8856,"date":"2020-12-04T17:20:16","date_gmt":"2020-12-04T17:20:16","guid":{"rendered":"https:\/\/demo.farost.net\/energia\/?page_id=8856"},"modified":"2025-02-19T11:11:35","modified_gmt":"2025-02-19T10:11:35","slug":"aide-faqs","status":"publish","type":"page","link":"https:\/\/siera.sn\/index.php\/aide-faqs\/","title":{"rendered":"AIDE &#038; FAQs"},"content":{"rendered":"\t\t<div data-elementor-type=\"wp-page\" data-elementor-id=\"8856\" class=\"elementor elementor-8856\">\n\t\t\t\t\t\t\t        <section class=\"elementor-section elementor-top-section elementor-element elementor-element-154a412a elementor-section-stretched elementor-section-boxed elementor-section-height-default elementor-section-height-default\" data-id=\"154a412a\" data-element_type=\"section\" data-settings=\"{&quot;stretch_section&quot;:&quot;section-stretched&quot;,&quot;background_background&quot;:&quot;classic&quot;}\">\n\t\t            <div class=\"elementor-background-overlay\"><\/div>\n\t\t\n\t\t        <div class=\"elementor-container elementor-column-gap-default \" >\n\t\t        <div class=\"elementor-column elementor-col-100 elementor-top-column elementor-element elementor-element-19870d73\" data-id=\"19870d73\" data-element_type=\"column\">\n        <div class=\"elementor-widget-wrap elementor-element-populated\">\n                                <section class=\"elementor-section elementor-inner-section elementor-element elementor-element-27dff93d elementor-section-boxed elementor-section-height-default elementor-section-height-default\" data-id=\"27dff93d\" data-element_type=\"section\">\n\t\t\n\t\t        <div class=\"elementor-container elementor-column-gap-default \" >\n\t\t        <div class=\"elementor-column elementor-col-50 elementor-inner-column elementor-element elementor-element-569fd8c2\" data-id=\"569fd8c2\" data-element_type=\"column\">\n        <div class=\"elementor-widget-wrap elementor-element-populated\">\n                        \t\t<div class=\"elementor-element elementor-element-66a5f6d8 elementor-widget elementor-widget-cms_heading\" data-id=\"66a5f6d8\" data-element_type=\"widget\" data-widget_type=\"cms_heading.default\">\n\t\t\t\t<div class=\"elementor-widget-container\">\n\t\t\t<div class=\"cms-heading-wrapper cms-heading-layout1\">\r\n    \r\n            <h1 class=\"custom-heading\">\r\n            <span >Aide &amp; FAQs<\/span>\r\n        <\/h1>\r\n        \r\n    <\/div>\t\t<\/div>\n\t\t\t\t<\/div>\n\t\t\t\t<div class=\"elementor-element elementor-element-3ab72f8 elementor-widget elementor-widget-text-editor\" data-id=\"3ab72f8\" data-element_type=\"widget\" data-widget_type=\"text-editor.default\">\n\t\t\t\t<div class=\"elementor-widget-container\">\n\t\t\t<style>\/*! elementor - v3.18.0 - 08-12-2023 *\/\n.elementor-widget-text-editor.elementor-drop-cap-view-stacked .elementor-drop-cap{background-color:#69727d;color:#fff}.elementor-widget-text-editor.elementor-drop-cap-view-framed .elementor-drop-cap{color:#69727d;border:3px solid;background-color:transparent}.elementor-widget-text-editor:not(.elementor-drop-cap-view-default) .elementor-drop-cap{margin-top:8px}.elementor-widget-text-editor:not(.elementor-drop-cap-view-default) .elementor-drop-cap-letter{width:1em;height:1em}.elementor-widget-text-editor .elementor-drop-cap{float:left;text-align:center;line-height:1;font-size:50px}.elementor-widget-text-editor .elementor-drop-cap-letter{display:inline-block}<\/style>\t\t\t\t<p>Bienvenue dans la section d&#8217;aide d\u00e9di\u00e9e au Salon International des \u00c9nergies Renouvelables et de l&#8217;Environnement en Afrique (SIERA). Nous sommes l\u00e0 pour r\u00e9pondre \u00e0 vos questions les plus fr\u00e9quentes et vous guider pour tirer le meilleur parti de votre exp\u00e9rience lors de notre \u00e9v\u00e9nement.<\/p>\t\t\t\t\t\t<\/div>\n\t\t\t\t<\/div>\n\t\t\t\t<div class=\"elementor-element elementor-element-7b5a0396 elementor-widget__width-auto elementor-widget elementor-widget-cms_button\" data-id=\"7b5a0396\" data-element_type=\"widget\" data-widget_type=\"cms_button.default\">\n\t\t\t\t<div class=\"elementor-widget-container\">\n\t\t\t<div class=\"cms-button-wrapper cms-button layout1\">\r\n    <a href=\"https:\/\/siera.sn\/index.php\/formulaire-dinscription\/\" target=\"_blank\" rel=\"nofollow\" class=\"btn btn-outline-white\">\r\n                            <span class=\"cms-button-icon cms-align-icon-right\">\r\n                <i aria-hidden=\"true\" class=\"flaticon flaticon-arrow-pointing-to-right\"><\/i>            <\/span>\r\n                <span class=\"cms-button-text\">Inscription<\/span>\r\n    <\/a>\r\n<\/div>\t\t<\/div>\n\t\t\t\t<\/div>\n\t\t        <\/div>\n        <\/div>\n                <div class=\"elementor-column elementor-col-50 elementor-inner-column elementor-element elementor-element-1a43787e\" data-id=\"1a43787e\" data-element_type=\"column\">\n        <div class=\"elementor-widget-wrap\">\n                                <\/div>\n        <\/div>\n        \t\t        <\/div>\n        <\/section>\n\t\t        <\/div>\n        <\/div>\n        \t\t        <\/div>\n        <\/section>\n\t\t        <section class=\"elementor-section elementor-top-section elementor-element elementor-element-1fe98924 elementor-section-stretched elementor-section-boxed elementor-section-height-default elementor-section-height-default\" data-id=\"1fe98924\" data-element_type=\"section\" data-settings=\"{&quot;stretch_section&quot;:&quot;section-stretched&quot;}\">\n\t\t\n\t\t        <div class=\"elementor-container elementor-column-gap-default \" >\n\t\t        <div class=\"elementor-column elementor-col-100 elementor-top-column elementor-element elementor-element-4baa4ced\" data-id=\"4baa4ced\" data-element_type=\"column\">\n        <div class=\"elementor-widget-wrap elementor-element-populated\">\n                        \t\t<div class=\"elementor-element elementor-element-1ed7a2d2 elementor-widget elementor-widget-cms_breadcrumb\" data-id=\"1ed7a2d2\" data-element_type=\"widget\" data-widget_type=\"cms_breadcrumb.default\">\n\t\t\t\t<div class=\"elementor-widget-container\">\n\t\t\t<ul class=\"cms-breadcrumb\"><li><span class=\"breadcrumb-entry\">Home<\/span><\/li><\/ul>\t\t<\/div>\n\t\t\t\t<\/div>\n\t\t        <\/div>\n        <\/div>\n        \t\t        <\/div>\n        <\/section>\n\t\t        <section class=\"elementor-section elementor-top-section elementor-element elementor-element-e9bc4d6 elementor-section-boxed elementor-section-height-default elementor-section-height-default\" data-id=\"e9bc4d6\" data-element_type=\"section\">\n\t\t\n\t\t        <div class=\"elementor-container elementor-column-gap-default \" >\n\t\t        <div class=\"elementor-column elementor-col-100 elementor-top-column elementor-element elementor-element-2c8a3d3\" data-id=\"2c8a3d3\" data-element_type=\"column\">\n        <div class=\"elementor-widget-wrap elementor-element-populated\">\n                        \t\t<div class=\"elementor-element elementor-element-fda7927 elementor-widget elementor-widget-cms_heading\" data-id=\"fda7927\" data-element_type=\"widget\" data-widget_type=\"cms_heading.default\">\n\t\t\t\t<div class=\"elementor-widget-container\">\n\t\t\t<div class=\"cms-heading-wrapper cms-heading-layout1\">\r\n            <div class=\"custom-subheading\">Qu\u2019est-ce que vous cherchez?<\/div>\r\n    \r\n            <h2 class=\"custom-heading\">\r\n            <span >Questions fr\u00e9quentes<\/span>\r\n        <\/h2>\r\n        \r\n    <\/div>\t\t<\/div>\n\t\t\t\t<\/div>\n\t\t        <section class=\"elementor-section elementor-inner-section elementor-element elementor-element-1acf03e elementor-section-boxed elementor-section-height-default elementor-section-height-default\" data-id=\"1acf03e\" data-element_type=\"section\">\n\t\t\n\t\t        <div class=\"elementor-container elementor-column-gap-extended \" >\n\t\t        <div class=\"elementor-column elementor-col-50 elementor-inner-column elementor-element elementor-element-e044c0b\" data-id=\"e044c0b\" data-element_type=\"column\">\n        <div class=\"elementor-widget-wrap elementor-element-populated\">\n                        \t\t<div class=\"elementor-element elementor-element-0eeb401 elementor-widget elementor-widget-cms_accordion\" data-id=\"0eeb401\" data-element_type=\"widget\" data-widget_type=\"cms_accordion.default\">\n\t\t\t\t<div class=\"elementor-widget-container\">\n\t\t\t<div id=\"cms_accordion-0eeb401\" class=\"cms-accordion layout1 style1\">\r\n        <div class=\"cms-accordion-item \">\r\n        <div class=\"cms-ac-title \" data-target=\"#fca6202cms_accordion-0eeb401\">\r\n        <a class=\"cms-ac-title-text\">Quand et o\u00f9 se d\u00e9roulera le salon cette ann\u00e9e ?<\/a>\r\n        <\/div>\r\n        <div id=\"fca6202cms_accordion-0eeb401\" class=\"cms-ac-content\">\r\n             Le Salon International des \u00c9nergies Renouvelables et de l'Environnement se tiendra du 24 au 26 Avril 2025<br \/>\nau Grand Th\u00e9\u00e2tre. Consultez notre page CONTACT pour plus de d\u00e9tails sur la localisation et les horaires.        <\/div>\r\n        <\/div>\r\n        <div class=\"cms-accordion-item \">\r\n        <div class=\"cms-ac-title \" data-target=\"#195c900cms_accordion-0eeb401\">\r\n        <a class=\"cms-ac-title-text\">Comment puis-je devenir exposant ?<\/a>\r\n        <\/div>\r\n        <div id=\"195c900cms_accordion-0eeb401\" class=\"cms-ac-content\">\r\n            Pour devenir exposant, veuillez remplir le formulaire d'inscription disponible sur notre site. Notre \u00e9quipe vous contactera pour discuter des d\u00e9tails et des opportunit\u00e9s offertes.        <\/div>\r\n        <\/div>\r\n        <div class=\"cms-accordion-item active\">\r\n        <div class=\"cms-ac-title active\" data-target=\"#e383d96cms_accordion-0eeb401\">\r\n        <a class=\"cms-ac-title-text\">Comment puis-je contacter l&#039;\u00e9quipe organisatrice pour des questions sp\u00e9cifiques ?<\/a>\r\n        <\/div>\r\n        <div id=\"e383d96cms_accordion-0eeb401\" class=\"cms-ac-content\" style=\"display:block;\">\r\n            Utilisez notre formulaire de contact (voir page CONTACT) disponible sur notre site web pour toute question sp\u00e9cifique ou pour obtenir une assistance personnalis\u00e9e. Nous sommes l\u00e0 pour vous aider.        <\/div>\r\n        <\/div>\r\n        <div class=\"cms-accordion-item \">\r\n        <div class=\"cms-ac-title \" data-target=\"#e3561cdcms_accordion-0eeb401\">\r\n        <a class=\"cms-ac-title-text\">Quelle tension est utilis\u00e9e sur place?<\/a>\r\n        <\/div>\r\n        <div id=\"e3561cdcms_accordion-0eeb401\" class=\"cms-ac-content\">\r\n            Pour vos appareils \u00e9lectroniques au S\u00e9n\u00e9gal, l\u2019exigence de tension est de 230 Volts.        <\/div>\r\n        <\/div>\r\n        <div class=\"cms-accordion-item \">\r\n        <div class=\"cms-ac-title \" data-target=\"#9fb3729cms_accordion-0eeb401\">\r\n        <a class=\"cms-ac-title-text\">Quel est le fuseau horaire au S\u00e9n\u00e9gal?<\/a>\r\n        <\/div>\r\n        <div id=\"9fb3729cms_accordion-0eeb401\" class=\"cms-ac-content\">\r\n            Le fuseau horaire du S\u00e9n\u00e9gal op\u00e8re sur le Greenwich Meridian Time (GMT)        <\/div>\r\n        <\/div>\r\n        <\/div>\r\n\t\t<\/div>\n\t\t\t\t<\/div>\n\t\t        <\/div>\n        <\/div>\n                <div class=\"elementor-column elementor-col-50 elementor-inner-column elementor-element elementor-element-e1e3aa3\" data-id=\"e1e3aa3\" data-element_type=\"column\">\n        <div class=\"elementor-widget-wrap elementor-element-populated\">\n                        \t\t<div class=\"elementor-element elementor-element-1a390b1 elementor-widget elementor-widget-cms_accordion\" data-id=\"1a390b1\" data-element_type=\"widget\" data-widget_type=\"cms_accordion.default\">\n\t\t\t\t<div class=\"elementor-widget-container\">\n\t\t\t<div id=\"cms_accordion-1a390b1\" class=\"cms-accordion layout1 style1\">\r\n        <div class=\"cms-accordion-item \">\r\n        <div class=\"cms-ac-title \" data-target=\"#fca6202cms_accordion-1a390b1\">\r\n        <a class=\"cms-ac-title-text\">L&#039;acc\u00e8s au Salon est-il gratuit pour les visiteurs ?<\/a>\r\n        <\/div>\r\n        <div id=\"fca6202cms_accordion-1a390b1\" class=\"cms-ac-content\">\r\n            L'acc\u00e8s au Salon en tant que visiteur est gratuit.        <\/div>\r\n        <\/div>\r\n        <div class=\"cms-accordion-item \">\r\n        <div class=\"cms-ac-title \" data-target=\"#195c900cms_accordion-1a390b1\">\r\n        <a class=\"cms-ac-title-text\">Y aura-t-il des conf\u00e9rences ou des ateliers durant le salon ?<\/a>\r\n        <\/div>\r\n        <div id=\"195c900cms_accordion-1a390b1\" class=\"cms-ac-content\">\r\n            Oui, un colloque servira de point de rencontre pour les repr\u00e9sentants des pouvoirs publics, d'entreprises leaders, de techniciens, d'organisations nationales, r\u00e9gionales et internationales, des ONG, des structures de financement et d'encadrement, des groupements professionnels et d'\u00e9minents experts. Il sera un cadre d'\u00e9changes d'id\u00e9es, d'initiatives et de technologies qui permettront d'avancer vers une exploitation efficiente et une gestion durable des \u00e9nergies renouvelables mais \u00e9galement vers une meilleure protection de l'environnement.        <\/div>\r\n        <\/div>\r\n        <div class=\"cms-accordion-item \">\r\n        <div class=\"cms-ac-title \" data-target=\"#6b92daecms_accordion-1a390b1\">\r\n        <a class=\"cms-ac-title-text\">Que dois-je emporter avec moi \u00e0 Dakar?<\/a>\r\n        <\/div>\r\n        <div id=\"6b92daecms_accordion-1a390b1\" class=\"cms-ac-content\">\r\n            * Un certificat de la fi\u00e8vre jaune : ceci est obligatoire et vous sera demand\u00e9 \u00e0 votre arriv\u00e9e \u00e0 Dakar<br \/>\n* Une photocopie de votre passeport : car il est toujours conseill\u00e9 d\u2019avoir une pi\u00e8ce d\u2019identit\u00e9 sur soi<br \/>\n*Assurance : vous \u00eates responsable de l\u2019organisation de votre propre couverture voyage<br \/>\n* Carte de cr\u00e9dit : Les cartes Visa Mastercard et American Express sont accept\u00e9es dans les principaux h\u00f4tels et quelques restaurants.<br \/>\n* Trousse m\u00e9dicale : toujours une bonne option au cas o\u00f9<br \/>\n* Comprim\u00e9s anti-paludisme et spray anti-moustiques : vous \u00eates dans une zone \u00e0 risque de paludisme<br \/>\n* Votre t\u00e9l\u00e9phone mobile : vous pouvez acheter une carte SIM locale pour environ 5\u20ac        <\/div>\r\n        <\/div>\r\n        <div class=\"cms-accordion-item \">\r\n        <div class=\"cms-ac-title \" data-target=\"#e21c763cms_accordion-1a390b1\">\r\n        <a class=\"cms-ac-title-text\">Quelle est la monnaie utilis\u00e9e au S\u00e9n\u00e9gal?<\/a>\r\n        <\/div>\r\n        <div id=\"e21c763cms_accordion-1a390b1\" class=\"cms-ac-content\">\r\n            La monnaie du S\u00e9n\u00e9gal est le franc CFA qui se pr\u00e9sente en billets de 1000, 2000, 5000 et 10 000 CFA et en pi\u00e8ces dans d\u2019autres montants allant jusqu\u2019\u00e0 500 CFA.<br \/>\n<br \/>\n1 Euro \u00e9quivaut \u00e0 655,957 francs CFA.. Les fortes devises telles que euros, dollar ou livres sterling sont largement accept\u00e9es. A noter que les taux de change sont beaucoup plus int\u00e9ressants sur place. Si vous voulez retirer de l\u2019argent dans des distributeurs automatiques, il existe des guichets tout au long de Dakar mais assurez-vous d\u2019en informer votre banque avant le voyage de sorte pour que vous puissiez retirer des fonds voulus et qu\u2019ils ne bloquent pas votre carte!        <\/div>\r\n        <\/div>\r\n        <div class=\"cms-accordion-item active\">\r\n        <div class=\"cms-ac-title active\" data-target=\"#87d1c6acms_accordion-1a390b1\">\r\n        <a class=\"cms-ac-title-text\">Transfert a\u00e9roport<\/a>\r\n        <\/div>\r\n        <div id=\"87d1c6acms_accordion-1a390b1\" class=\"cms-ac-content\" style=\"display:block;\">\r\n            Nous conseillons vivement \u00e0 nos clients de r\u00e9server les transferts pour l\u2019a\u00e9roport directement avec l\u2019h\u00f4tel. Si vous avez besoin d\u2019aide, veuillez nous contacter.        <\/div>\r\n        <\/div>\r\n        <\/div>\r\n\t\t<\/div>\n\t\t\t\t<\/div>\n\t\t        <\/div>\n        <\/div>\n        \t\t        <\/div>\n        <\/section>\n\t\t        <\/div>\n        <\/div>\n        \t\t        <\/div>\n        <\/section>\n\t\t\t\t\t\t\t<\/div>\n\t\t","protected":false},"excerpt":{"rendered":"<p>Aide &amp; FAQs Bienvenue dans la section d&#8217;aide d\u00e9di\u00e9e au Salon International des \u00c9nergies Renouvelables et de l&#8217;Environnement en Afrique (SIERA). Nous sommes l\u00e0 pour r\u00e9pondre \u00e0 vos questions les plus fr\u00e9quentes et vous guider pour tirer le meilleur parti de votre exp\u00e9rience lors de notre \u00e9v\u00e9nement. Inscription Home Qu\u2019est-ce que vous cherchez? Questions fr\u00e9quentes [&hellip;]<\/p>\n","protected":false},"author":1,"featured_media":0,"parent":0,"menu_order":0,"comment_status":"closed","ping_status":"closed","template":"","meta":{"_monsterinsights_skip_tracking":false,"_monsterinsights_sitenote_active":false,"_monsterinsights_sitenote_note":"","_monsterinsights_sitenote_category":0,"footnotes":""},"aioseo_notices":[],"_links":{"self":[{"href":"https:\/\/siera.sn\/index.php\/wp-json\/wp\/v2\/pages\/8856"}],"collection":[{"href":"https:\/\/siera.sn\/index.php\/wp-json\/wp\/v2\/pages"}],"about":[{"href":"https:\/\/siera.sn\/index.php\/wp-json\/wp\/v2\/types\/page"}],"author":[{"embeddable":true,"href":"https:\/\/siera.sn\/index.php\/wp-json\/wp\/v2\/users\/1"}],"replies":[{"embeddable":true,"href":"https:\/\/siera.sn\/index.php\/wp-json\/wp\/v2\/comments?post=8856"}],"version-history":[{"count":58,"href":"https:\/\/siera.sn\/index.php\/wp-json\/wp\/v2\/pages\/8856\/revisions"}],"predecessor-version":[{"id":17957,"href":"https:\/\/siera.sn\/index.php\/wp-json\/wp\/v2\/pages\/8856\/revisions\/17957"}],"wp:attachment":[{"href":"https:\/\/siera.sn\/index.php\/wp-json\/wp\/v2\/media?parent=8856"}],"curies":[{"name":"wp","href":"https:\/\/api.w.org\/{rel}","templated":true}]}}